{"id":31,"date":"2025-04-21T09:01:36","date_gmt":"2025-04-21T09:01:36","guid":{"rendered":"http:\/\/18.159.214.213\/?page_id=31"},"modified":"2025-06-16T06:39:49","modified_gmt":"2025-06-16T06:39:49","slug":"rreth-nesh","status":"publish","type":"page","link":"https:\/\/ujitepelene.com\/en\/rreth-nesh\/","title":{"rendered":"Rreth Nesh"},"content":{"rendered":"<div data-elementor-type=\"wp-page\" data-elementor-id=\"31\" class=\"elementor elementor-31\" data-elementor-post-type=\"page\">\n\t\t\t\t<div class=\"elementor-element elementor-element-f784f14 e-con-full e-flex e-con e-parent\" data-id=\"f784f14\" data-element_type=\"container\" data-e-type=\"container\" data-settings=\"{&quot;background_background&quot;:&quot;classic&quot;}\">\n\t\t<div class=\"elementor-element elementor-element-267b114 e-con-full e-flex e-con e-child\" data-id=\"267b114\" data-element_type=\"container\" data-e-type=\"container\" data-settings=\"{&quot;background_background&quot;:&quot;classic&quot;}\">\n\t\t<div class=\"elementor-element elementor-element-a6bc87b e-con-full e-flex e-con e-child\" data-id=\"a6bc87b\" data-element_type=\"container\" data-e-type=\"container\">\n\t\t\t\t<div class=\"elementor-element elementor-element-62c4ce0 elementor-widget elementor-widget-image\" data-id=\"62c4ce0\" data-element_type=\"widget\" data-e-type=\"widget\" data-widget_type=\"image.default\">\n\t\t\t\t<div class=\"elementor-widget-container\">\n\t\t\t\t\t\t\t\t\t\t\t\t\t\t\t<img decoding=\"async\" width=\"118\" height=\"119\" src=\"https:\/\/ujitepelene.com\/wp-content\/uploads\/2025\/04\/Stamp.svg\" class=\"attachment-full size-full wp-image-3141\" alt=\"\" \/>\t\t\t\t\t\t\t\t\t\t\t\t\t\t\t<\/div>\n\t\t\t\t<\/div>\n\t\t\t\t<\/div>\n\t\t<div class=\"elementor-element elementor-element-6ac3bf5 e-con-full e-flex e-con e-child\" data-id=\"6ac3bf5\" data-element_type=\"container\" data-e-type=\"container\">\n\t\t\t\t<div class=\"elementor-element elementor-element-5000f16 elementor-widget__width-initial elementor-widget elementor-widget-heading\" data-id=\"5000f16\" data-element_type=\"widget\" data-e-type=\"widget\" data-widget_type=\"heading.default\">\n\t\t\t\t<div class=\"elementor-widget-container\">\n\t\t\t\t\t<h1 class=\"elementor-heading-title elementor-size-default\">From the Heart of the Mountains,\nTo You.<\/h1>\t\t\t\t<\/div>\n\t\t\t\t<\/div>\n\t\t\t\t<div class=\"elementor-element elementor-element-037576e elementor-widget__width-initial elementor-widget elementor-widget-text-editor\" data-id=\"037576e\" data-element_type=\"widget\" data-e-type=\"widget\" data-widget_type=\"text-editor.default\">\n\t\t\t\t<div class=\"elementor-widget-container\">\n\t\t\t\t\t\t\t\t\t<p>A story of over 25 years closely tied to Albanian nature and quality.<\/p>\t\t\t\t\t\t\t\t<\/div>\n\t\t\t\t<\/div>\n\t\t\t\t<\/div>\n\t\t\t\t<\/div>\n\t\t\t\t<\/div>\n\t\t<div class=\"elementor-element elementor-element-d5d9295 e-con-full e-flex e-con e-parent\" data-id=\"d5d9295\" data-element_type=\"container\" data-e-type=\"container\">\n\t\t<div class=\"elementor-element elementor-element-559dfb9 e-con-full e-flex e-con e-child\" data-id=\"559dfb9\" data-element_type=\"container\" data-e-type=\"container\">\n\t\t<div class=\"elementor-element elementor-element-6a99b13 e-con-full e-flex e-con e-child\" data-id=\"6a99b13\" data-element_type=\"container\" data-e-type=\"container\">\n\t\t\t\t<div class=\"elementor-element elementor-element-197a6f7 elementor-widget__width-initial elementor-widget elementor-widget-heading\" data-id=\"197a6f7\" data-element_type=\"widget\" data-e-type=\"widget\" data-widget_type=\"heading.default\">\n\t\t\t\t<div class=\"elementor-widget-container\">\n\t\t\t\t\t<h5 class=\"elementor-heading-title elementor-size-default\">\/ Our Story<\/h5>\t\t\t\t<\/div>\n\t\t\t\t<\/div>\n\t\t\t\t<div class=\"elementor-element elementor-element-5b701b0 elementor-widget__width-initial elementor-widget elementor-widget-heading\" data-id=\"5b701b0\" data-element_type=\"widget\" data-e-type=\"widget\" data-widget_type=\"heading.default\">\n\t\t\t\t<div class=\"elementor-widget-container\">\n\t\t\t\t\t<p class=\"elementor-heading-title elementor-size-default\">Around the 1800s, Ali Pasha Tepelena discovered a rare spring in the heart of the Albanian mountains\u2014a pure and lively water that would lay the foundations of what is today called \u201cUji i Ftoht\u00eb Tepelene.\u201d Since our founding in 1996, we have woven the tradition of this historic spring with modern technology, giving every drop of water a natural finesse.\nFrom a space of 30,000 m\u00b2, with over 4,000 m\u00b2 dedicated to modern facilities, to our advanced laboratory where we conduct hundreds of analyses every week, every detail reflects our commitment to quality. We are guided by a clear vision: to bring you the essence of the Albanian mountains in its purest form and to satisfy the taste of every consumer who believes in our roots.<br><br>\nWhether in history or innovation, \u201cUji i Ftoht\u00eb Tepelene\u201d stands at the crossroads of tradition and the courage to move forward\u2014a journey where every sip starts with a drop but carries a whole world of values.<\/p>\t\t\t\t<\/div>\n\t\t\t\t<\/div>\n\t\t\t\t<\/div>\n\t\t<div class=\"elementor-element elementor-element-e4550af e-con-full e-flex e-con e-child\" data-id=\"e4550af\" data-element_type=\"container\" data-e-type=\"container\">\n\t\t\t\t<div class=\"elementor-element elementor-element-368fa25 elementor-widget__width-initial elementor-widget elementor-widget-heading\" data-id=\"368fa25\" data-element_type=\"widget\" data-e-type=\"widget\" data-widget_type=\"heading.default\">\n\t\t\t\t<div class=\"elementor-widget-container\">\n\t\t\t\t\t<h5 class=\"elementor-heading-title elementor-size-default\">\/ Our Values<\/h5>\t\t\t\t<\/div>\n\t\t\t\t<\/div>\n\t\t\t\t<div class=\"elementor-element elementor-element-6ec090e elementor-widget__width-initial elementor-widget elementor-widget-heading\" data-id=\"6ec090e\" data-element_type=\"widget\" data-e-type=\"widget\" data-widget_type=\"heading.default\">\n\t\t\t\t<div class=\"elementor-widget-container\">\n\t\t\t\t\t<p class=\"elementor-heading-title elementor-size-default\">We believe our strength comes from key values that guide every step of our journey, giving meaning to every decision and action we take. From respect for nature to continuous innovation, these principles define our identity and mission.<\/p>\t\t\t\t<\/div>\n\t\t\t\t<\/div>\n\t\t\t\t<\/div>\n\t\t\t\t<\/div>\n\t\t<div class=\"elementor-element elementor-element-163f960 e-con-full e-flex e-con e-child\" data-id=\"163f960\" data-element_type=\"container\" data-e-type=\"container\">\n\t\t\t\t<div class=\"elementor-element elementor-element-a2f41ce elementor-hidden-mobile elementor-widget elementor-widget-image\" data-id=\"a2f41ce\" data-element_type=\"widget\" data-e-type=\"widget\" data-widget_type=\"image.default\">\n\t\t\t\t<div class=\"elementor-widget-container\">\n\t\t\t\t\t\t\t\t\t\t\t\t\t\t\t<img fetchpriority=\"high\" decoding=\"async\" width=\"984\" height=\"736\" src=\"https:\/\/ujitepelene.com\/wp-content\/uploads\/2025\/06\/Frame-224.jpg\" class=\"attachment-full size-full wp-image-3587\" alt=\"\" srcset=\"https:\/\/ujitepelene.com\/wp-content\/uploads\/2025\/06\/Frame-224.jpg 984w, https:\/\/ujitepelene.com\/wp-content\/uploads\/2025\/06\/Frame-224-300x224.jpg 300w, https:\/\/ujitepelene.com\/wp-content\/uploads\/2025\/06\/Frame-224-768x574.jpg 768w, https:\/\/ujitepelene.com\/wp-content\/uploads\/2025\/06\/Frame-224-16x12.jpg 16w\" sizes=\"(max-width: 984px) 100vw, 984px\" \/>\t\t\t\t\t\t\t\t\t\t\t\t\t\t\t<\/div>\n\t\t\t\t<\/div>\n\t\t\t\t<\/div>\n\t\t\t\t<\/div>\n\t\t<div class=\"elementor-element elementor-element-5d0cc6d e-grid e-con-boxed e-con e-parent\" data-id=\"5d0cc6d\" data-element_type=\"container\" data-e-type=\"container\">\n\t\t\t\t\t<div class=\"e-con-inner\">\n\t\t<div class=\"elementor-element elementor-element-e01d9ce e-con-full e-flex e-con e-child\" data-id=\"e01d9ce\" data-element_type=\"container\" data-e-type=\"container\" data-settings=\"{&quot;background_background&quot;:&quot;gradient&quot;}\">\n\t\t\t\t<div class=\"elementor-element elementor-element-d34456f elementor-widget-tablet__width-inherit elementor-widget-mobile__width-initial elementor-widget elementor-widget-heading\" data-id=\"d34456f\" data-element_type=\"widget\" data-e-type=\"widget\" data-widget_type=\"heading.default\">\n\t\t\t\t<div class=\"elementor-widget-container\">\n\t\t\t\t\t<h3 class=\"elementor-heading-title elementor-size-default\">RESPECT<\/h3>\t\t\t\t<\/div>\n\t\t\t\t<\/div>\n\t\t\t\t<div class=\"elementor-element elementor-element-6406351 elementor-widget__width-initial elementor-widget-mobile__width-initial elementor-widget elementor-widget-text-editor\" data-id=\"6406351\" data-element_type=\"widget\" data-e-type=\"widget\" data-widget_type=\"text-editor.default\">\n\t\t\t\t<div class=\"elementor-widget-container\">\n\t\t\t\t\t\t\t\t\t<p>We are committed to working in accordance with regulations and legislation, valuing nature and its resources.<\/p>\t\t\t\t\t\t\t\t<\/div>\n\t\t\t\t<\/div>\n\t\t\t\t<\/div>\n\t\t<div class=\"elementor-element elementor-element-0166161 e-con-full e-flex e-con e-child\" data-id=\"0166161\" data-element_type=\"container\" data-e-type=\"container\" data-settings=\"{&quot;background_background&quot;:&quot;gradient&quot;}\">\n\t\t\t\t<div class=\"elementor-element elementor-element-fae21bf elementor-widget-tablet__width-inherit elementor-widget-mobile__width-initial elementor-widget elementor-widget-heading\" data-id=\"fae21bf\" data-element_type=\"widget\" data-e-type=\"widget\" data-widget_type=\"heading.default\">\n\t\t\t\t<div class=\"elementor-widget-container\">\n\t\t\t\t\t<h3 class=\"elementor-heading-title elementor-size-default\">SAFETY<\/h3>\t\t\t\t<\/div>\n\t\t\t\t<\/div>\n\t\t\t\t<div class=\"elementor-element elementor-element-01437b5 elementor-widget__width-initial elementor-widget-mobile__width-initial elementor-widget elementor-widget-text-editor\" data-id=\"01437b5\" data-element_type=\"widget\" data-e-type=\"widget\" data-widget_type=\"text-editor.default\">\n\t\t\t\t<div class=\"elementor-widget-container\">\n\t\t\t\t\t\t\t\t\t<p>We conduct regular laboratory analyses to ensure clean and reliable water.<\/p>\t\t\t\t\t\t\t\t<\/div>\n\t\t\t\t<\/div>\n\t\t\t\t<\/div>\n\t\t<div class=\"elementor-element elementor-element-54a47ca e-con-full e-flex e-con e-child\" data-id=\"54a47ca\" data-element_type=\"container\" data-e-type=\"container\" data-settings=\"{&quot;background_background&quot;:&quot;gradient&quot;}\">\n\t\t\t\t<div class=\"elementor-element elementor-element-9c1a36c elementor-widget-tablet__width-inherit elementor-widget-mobile__width-initial elementor-widget elementor-widget-heading\" data-id=\"9c1a36c\" data-element_type=\"widget\" data-e-type=\"widget\" data-widget_type=\"heading.default\">\n\t\t\t\t<div class=\"elementor-widget-container\">\n\t\t\t\t\t<h3 class=\"elementor-heading-title elementor-size-default\">QUALITY<\/h3>\t\t\t\t<\/div>\n\t\t\t\t<\/div>\n\t\t\t\t<div class=\"elementor-element elementor-element-abd85e6 elementor-widget__width-initial elementor-widget-mobile__width-initial elementor-widget elementor-widget-text-editor\" data-id=\"abd85e6\" data-element_type=\"widget\" data-e-type=\"widget\" data-widget_type=\"text-editor.default\">\n\t\t\t\t<div class=\"elementor-widget-container\">\n\t\t\t\t\t\t\t\t\t<p>We aim for excellence through investments in modern technology and continuous improvements.<\/p>\t\t\t\t\t\t\t\t<\/div>\n\t\t\t\t<\/div>\n\t\t\t\t<\/div>\n\t\t<div class=\"elementor-element elementor-element-72a6086 e-con-full e-flex e-con e-child\" data-id=\"72a6086\" data-element_type=\"container\" data-e-type=\"container\" data-settings=\"{&quot;background_background&quot;:&quot;gradient&quot;}\">\n\t\t\t\t<div class=\"elementor-element elementor-element-46d35de elementor-widget-tablet__width-inherit elementor-widget-mobile__width-initial elementor-widget elementor-widget-heading\" data-id=\"46d35de\" data-element_type=\"widget\" data-e-type=\"widget\" data-widget_type=\"heading.default\">\n\t\t\t\t<div class=\"elementor-widget-container\">\n\t\t\t\t\t<h3 class=\"elementor-heading-title elementor-size-default\">INNOVATION<\/h3>\t\t\t\t<\/div>\n\t\t\t\t<\/div>\n\t\t\t\t<div class=\"elementor-element elementor-element-0e23c7f elementor-widget__width-initial elementor-widget-mobile__width-initial elementor-widget elementor-widget-text-editor\" data-id=\"0e23c7f\" data-element_type=\"widget\" data-e-type=\"widget\" data-widget_type=\"text-editor.default\">\n\t\t\t\t<div class=\"elementor-widget-container\">\n\t\t\t\t\t\t\t\t\t<p>We embrace new ideas, bringing products and services that exceed expectations.<\/p>\t\t\t\t\t\t\t\t<\/div>\n\t\t\t\t<\/div>\n\t\t\t\t<\/div>\n\t\t<div class=\"elementor-element elementor-element-cd0563c e-con-full e-flex e-con e-child\" data-id=\"cd0563c\" data-element_type=\"container\" data-e-type=\"container\" data-settings=\"{&quot;background_background&quot;:&quot;gradient&quot;}\">\n\t\t\t\t<div class=\"elementor-element elementor-element-9789d72 elementor-widget-tablet__width-inherit elementor-widget-mobile__width-initial elementor-widget elementor-widget-heading\" data-id=\"9789d72\" data-element_type=\"widget\" data-e-type=\"widget\" data-widget_type=\"heading.default\">\n\t\t\t\t<div class=\"elementor-widget-container\">\n\t\t\t\t\t<h3 class=\"elementor-heading-title elementor-size-default\">COMMITMENT<\/h3>\t\t\t\t<\/div>\n\t\t\t\t<\/div>\n\t\t\t\t<div class=\"elementor-element elementor-element-edea0d5 elementor-widget__width-initial elementor-widget-mobile__width-initial elementor-widget elementor-widget-text-editor\" data-id=\"edea0d5\" data-element_type=\"widget\" data-e-type=\"widget\" data-widget_type=\"text-editor.default\">\n\t\t\t\t<div class=\"elementor-widget-container\">\n\t\t\t\t\t\t\t\t\t<p>We regularly train our staff and focus on customer service, always striving to offer the best.<\/p>\t\t\t\t\t\t\t\t<\/div>\n\t\t\t\t<\/div>\n\t\t\t\t<\/div>\n\t\t\t\t\t<\/div>\n\t\t\t\t<\/div>\n\t\t<div class=\"elementor-element elementor-element-e60668a e-con-full e-flex e-con e-parent\" data-id=\"e60668a\" data-element_type=\"container\" data-e-type=\"container\">\n\t\t<div class=\"elementor-element elementor-element-8c787dc e-con-full e-flex e-con e-child\" data-id=\"8c787dc\" data-element_type=\"container\" data-e-type=\"container\">\n\t\t\t\t<div class=\"elementor-element elementor-element-7c3f195 elementor-widget__width-initial elementor-widget elementor-widget-heading\" data-id=\"7c3f195\" data-element_type=\"widget\" data-e-type=\"widget\" data-widget_type=\"heading.default\">\n\t\t\t\t<div class=\"elementor-widget-container\">\n\t\t\t\t\t<h5 class=\"elementor-heading-title elementor-size-default\">\/ Our International Footprints<\/h5>\t\t\t\t<\/div>\n\t\t\t\t<\/div>\n\t\t\t\t<div class=\"elementor-element elementor-element-9556328 elementor-widget__width-initial elementor-widget elementor-widget-heading\" data-id=\"9556328\" data-element_type=\"widget\" data-e-type=\"widget\" data-widget_type=\"heading.default\">\n\t\t\t\t<div class=\"elementor-widget-container\">\n\t\t\t\t\t<p class=\"elementor-heading-title elementor-size-default\">Since 2003, \"Uji i Ftoht\u00eb Tepelene\" has embarked on a new journey beyond Albanian borders, initially exporting to Greece. This step was followed by entry into various markets including Kosovo, North Macedonia, Italy, the UK, Canada, and the United States, thus expanding our presence in some of the world\u2019s largest metropolises.\n<br><br>\nOver the years, we have strengthened our presence and credibility in international markets, always offering high-quality standards and a unique taste from our Albanian source. Since 2019, we have also been present in Switzerland, further expanding the range of consumers who can enjoy the freshness of Tepelene water.\n<br><br><\/p>\t\t\t\t<\/div>\n\t\t\t\t<\/div>\n\t\t\t\t<\/div>\n\t\t\t\t<\/div>\n\t\t<div class=\"elementor-element elementor-element-de3f425 e-con-full e-flex e-con e-parent\" data-id=\"de3f425\" data-element_type=\"container\" data-e-type=\"container\">\n\t\t\t\t<div class=\"elementor-element elementor-element-690a667 elementor-widget elementor-widget-image\" data-id=\"690a667\" data-element_type=\"widget\" data-e-type=\"widget\" data-widget_type=\"image.default\">\n\t\t\t\t<div class=\"elementor-widget-container\">\n\t\t\t\t\t\t\t\t\t\t\t\t\t\t\t<img decoding=\"async\" width=\"612\" height=\"518\" src=\"https:\/\/ujitepelene.com\/wp-content\/uploads\/2025\/06\/Rectangle-52.jpg\" class=\"attachment-full size-full wp-image-3591\" alt=\"\" srcset=\"https:\/\/ujitepelene.com\/wp-content\/uploads\/2025\/06\/Rectangle-52.jpg 612w, https:\/\/ujitepelene.com\/wp-content\/uploads\/2025\/06\/Rectangle-52-300x254.jpg 300w, https:\/\/ujitepelene.com\/wp-content\/uploads\/2025\/06\/Rectangle-52-14x12.jpg 14w\" sizes=\"(max-width: 612px) 100vw, 612px\" \/>\t\t\t\t\t\t\t\t\t\t\t\t\t\t\t<\/div>\n\t\t\t\t<\/div>\n\t\t\t\t<\/div>\n\t\t<div class=\"elementor-element elementor-element-0111988 e-con-full e-flex e-con e-parent\" data-id=\"0111988\" data-element_type=\"container\" data-e-type=\"container\">\n\t\t\t\t<div class=\"elementor-element elementor-element-448d901 elementor-widget elementor-widget-image\" data-id=\"448d901\" data-element_type=\"widget\" data-e-type=\"widget\" data-widget_type=\"image.default\">\n\t\t\t\t<div class=\"elementor-widget-container\">\n\t\t\t\t\t\t\t\t\t\t\t\t\t\t\t<img loading=\"lazy\" decoding=\"async\" width=\"1861\" height=\"134\" src=\"https:\/\/ujitepelene.com\/wp-content\/uploads\/2025\/06\/Layer_1.webp\" class=\"attachment-full size-full wp-image-3073\" alt=\"\" srcset=\"https:\/\/ujitepelene.com\/wp-content\/uploads\/2025\/06\/Layer_1.webp 1861w, https:\/\/ujitepelene.com\/wp-content\/uploads\/2025\/06\/Layer_1-300x22.webp 300w, https:\/\/ujitepelene.com\/wp-content\/uploads\/2025\/06\/Layer_1-1024x74.webp 1024w, https:\/\/ujitepelene.com\/wp-content\/uploads\/2025\/06\/Layer_1-768x55.webp 768w, https:\/\/ujitepelene.com\/wp-content\/uploads\/2025\/06\/Layer_1-1536x111.webp 1536w, https:\/\/ujitepelene.com\/wp-content\/uploads\/2025\/06\/Layer_1-18x1.webp 18w\" sizes=\"(max-width: 1861px) 100vw, 1861px\" \/>\t\t\t\t\t\t\t\t\t\t\t\t\t\t\t<\/div>\n\t\t\t\t<\/div>\n\t\t\t\t<\/div>\n\t\t\t\t<\/div>","protected":false},"excerpt":{"rendered":"<p>Nga Zemra e Maleve, Drejt Jush. Nj\u00eb histori mbi 25 vje\u00e7are e lidhur ngusht\u00eb me natyr\u00ebn shqiptare dhe cil\u00ebsin\u00eb. \/ Historia jon\u00eb Rreth viteve 1800, Ali Pash\u00eb Tepelena zbuloi nj\u00eb burim t\u00eb rrall\u00eb n\u00eb zem\u00ebr t\u00eb maleve shqiptare\u2014nj\u00eb uj\u00eb t\u00eb past\u00ebr e plot gjall\u00ebri, q\u00eb do t\u00eb vendoste themelet e asaj q\u00eb sot quhet \u201cUji [&hellip;]<\/p>\n","protected":false},"author":1,"featured_media":0,"parent":0,"menu_order":0,"comment_status":"closed","ping_status":"closed","template":"","meta":{"_acf_changed":false,"inline_featured_image":false,"footnotes":""},"class_list":["post-31","page","type-page","status-publish","hentry"],"acf":[],"_links":{"self":[{"href":"https:\/\/ujitepelene.com\/en\/wp-json\/wp\/v2\/pages\/31","targetHints":{"allow":["GET"]}}],"collection":[{"href":"https:\/\/ujitepelene.com\/en\/wp-json\/wp\/v2\/pages"}],"about":[{"href":"https:\/\/ujitepelene.com\/en\/wp-json\/wp\/v2\/types\/page"}],"author":[{"embeddable":true,"href":"https:\/\/ujitepelene.com\/en\/wp-json\/wp\/v2\/users\/1"}],"replies":[{"embeddable":true,"href":"https:\/\/ujitepelene.com\/en\/wp-json\/wp\/v2\/comments?post=31"}],"version-history":[{"count":121,"href":"https:\/\/ujitepelene.com\/en\/wp-json\/wp\/v2\/pages\/31\/revisions"}],"predecessor-version":[{"id":3597,"href":"https:\/\/ujitepelene.com\/en\/wp-json\/wp\/v2\/pages\/31\/revisions\/3597"}],"wp:attachment":[{"href":"https:\/\/ujitepelene.com\/en\/wp-json\/wp\/v2\/media?parent=31"}],"curies":[{"name":"wp","href":"https:\/\/api.w.org\/{rel}","templated":true}]}}