{"id":466,"date":"2025-04-23T13:33:03","date_gmt":"2025-04-23T13:33:03","guid":{"rendered":"http:\/\/18.159.214.213\/?page_id=466"},"modified":"2025-06-12T14:45:01","modified_gmt":"2025-06-12T14:45:01","slug":"linja-klasike","status":"publish","type":"page","link":"https:\/\/ujitepelene.com\/en\/uji-yne\/linja-klasike\/","title":{"rendered":"Linja Klasike"},"content":{"rendered":"<div data-elementor-type=\"wp-page\" data-elementor-id=\"466\" class=\"elementor elementor-466\" data-elementor-post-type=\"page\">\n\t\t\t\t<div class=\"elementor-element elementor-element-bb8e8e8 e-con-full e-flex e-con e-parent\" data-id=\"bb8e8e8\" data-element_type=\"container\" data-e-type=\"container\">\n\t\t<div class=\"elementor-element elementor-element-85ed0c9 e-con-full e-flex e-con e-child\" data-id=\"85ed0c9\" data-element_type=\"container\" data-e-type=\"container\" data-settings=\"{&quot;background_background&quot;:&quot;classic&quot;}\">\n\t\t<div class=\"elementor-element elementor-element-0ce6a61 e-con-full e-flex e-con e-child\" data-id=\"0ce6a61\" data-element_type=\"container\" data-e-type=\"container\">\n\t\t\t\t<div class=\"elementor-element elementor-element-7c08fa1 elementor-widget elementor-widget-heading\" data-id=\"7c08fa1\" data-element_type=\"widget\" data-e-type=\"widget\" data-widget_type=\"heading.default\">\n\t\t\t\t<div class=\"elementor-widget-container\">\n\t\t\t\t\t<h3 class=\"elementor-heading-title elementor-size-default\">Klasike<\/h3>\t\t\t\t<\/div>\n\t\t\t\t<\/div>\n\t\t\t\t<div class=\"elementor-element elementor-element-4e309fb elementor-widget elementor-widget-text-editor\" data-id=\"4e309fb\" data-element_type=\"widget\" data-e-type=\"widget\" data-widget_type=\"text-editor.default\">\n\t\t\t\t<div class=\"elementor-widget-container\">\n\t\t\t\t\t\t\t\t\t<p>Our classic water preserves the purity of the spring, offering a simple and practical design. Ideal for daily use and any environment.<\/p>\t\t\t\t\t\t\t\t<\/div>\n\t\t\t\t<\/div>\n\t\t\t\t<\/div>\n\t\t<div class=\"elementor-element elementor-element-b12cc8e e-con-full e-flex e-con e-child\" data-id=\"b12cc8e\" data-element_type=\"container\" data-e-type=\"container\">\n\t\t<div class=\"elementor-element elementor-element-1125f4f e-con-full e-flex e-con e-child\" data-id=\"1125f4f\" data-element_type=\"container\" data-e-type=\"container\">\n\t\t\t\t<div class=\"elementor-element elementor-element-0da68e8 elementor-widget elementor-widget-image\" data-id=\"0da68e8\" data-element_type=\"widget\" data-e-type=\"widget\" data-widget_type=\"image.default\">\n\t\t\t\t<div class=\"elementor-widget-container\">\n\t\t\t\t\t\t\t\t\t\t\t\t\t\t\t<img decoding=\"async\" width=\"116\" height=\"325\" src=\"https:\/\/ujitepelene.com\/wp-content\/uploads\/2025\/06\/Tepelene-Natyral-0.5-l-PET-1.webp\" class=\"attachment-full size-full wp-image-3079\" alt=\"\" srcset=\"https:\/\/ujitepelene.com\/wp-content\/uploads\/2025\/06\/Tepelene-Natyral-0.5-l-PET-1.webp 116w, https:\/\/ujitepelene.com\/wp-content\/uploads\/2025\/06\/Tepelene-Natyral-0.5-l-PET-1-107x300.webp 107w, https:\/\/ujitepelene.com\/wp-content\/uploads\/2025\/06\/Tepelene-Natyral-0.5-l-PET-1-4x12.webp 4w\" sizes=\"(max-width: 116px) 100vw, 116px\" \/>\t\t\t\t\t\t\t\t\t\t\t\t\t\t\t<\/div>\n\t\t\t\t<\/div>\n\t\t\t\t<div class=\"elementor-element elementor-element-56edae6 elementor-hidden-mobile elementor-widget elementor-widget-heading\" data-id=\"56edae6\" data-element_type=\"widget\" data-e-type=\"widget\" data-widget_type=\"heading.default\">\n\t\t\t\t<div class=\"elementor-widget-container\">\n\t\t\t\t\t<h5 class=\"elementor-heading-title elementor-size-default\">0.33 L<\/h5>\t\t\t\t<\/div>\n\t\t\t\t<\/div>\n\t\t\t\t<\/div>\n\t\t<div class=\"elementor-element elementor-element-ef9867c e-con-full e-flex e-con e-child\" data-id=\"ef9867c\" data-element_type=\"container\" data-e-type=\"container\">\n\t\t\t\t<div class=\"elementor-element elementor-element-1477814 elementor-widget elementor-widget-image\" data-id=\"1477814\" data-element_type=\"widget\" data-e-type=\"widget\" data-widget_type=\"image.default\">\n\t\t\t\t<div class=\"elementor-widget-container\">\n\t\t\t\t\t\t\t\t\t\t\t\t\t\t\t<img decoding=\"async\" width=\"105\" height=\"360\" src=\"https:\/\/ujitepelene.com\/wp-content\/uploads\/2025\/06\/image-1.webp\" class=\"attachment-full size-full wp-image-3119\" alt=\"\" \/>\t\t\t\t\t\t\t\t\t\t\t\t\t\t\t<\/div>\n\t\t\t\t<\/div>\n\t\t\t\t<div class=\"elementor-element elementor-element-43bf9d4 elementor-hidden-mobile elementor-widget elementor-widget-heading\" data-id=\"43bf9d4\" data-element_type=\"widget\" data-e-type=\"widget\" data-widget_type=\"heading.default\">\n\t\t\t\t<div class=\"elementor-widget-container\">\n\t\t\t\t\t<h5 class=\"elementor-heading-title elementor-size-default\">0.5 L<\/h5>\t\t\t\t<\/div>\n\t\t\t\t<\/div>\n\t\t\t\t<\/div>\n\t\t<div class=\"elementor-element elementor-element-035adac e-con-full e-flex e-con e-child\" data-id=\"035adac\" data-element_type=\"container\" data-e-type=\"container\">\n\t\t\t\t<div class=\"elementor-element elementor-element-05b2a82 elementor-widget elementor-widget-image\" data-id=\"05b2a82\" data-element_type=\"widget\" data-e-type=\"widget\" data-widget_type=\"image.default\">\n\t\t\t\t<div class=\"elementor-widget-container\">\n\t\t\t\t\t\t\t\t\t\t\t\t\t\t\t<img fetchpriority=\"high\" decoding=\"async\" width=\"146\" height=\"484\" src=\"https:\/\/ujitepelene.com\/wp-content\/uploads\/2025\/06\/image-2.webp\" class=\"attachment-full size-full wp-image-3093\" alt=\"\" srcset=\"https:\/\/ujitepelene.com\/wp-content\/uploads\/2025\/06\/image-2.webp 146w, https:\/\/ujitepelene.com\/wp-content\/uploads\/2025\/06\/image-2-4x12.webp 4w\" sizes=\"(max-width: 146px) 100vw, 146px\" \/>\t\t\t\t\t\t\t\t\t\t\t\t\t\t\t<\/div>\n\t\t\t\t<\/div>\n\t\t\t\t<div class=\"elementor-element elementor-element-a2f9d23 elementor-hidden-mobile elementor-widget elementor-widget-heading\" data-id=\"a2f9d23\" data-element_type=\"widget\" data-e-type=\"widget\" data-widget_type=\"heading.default\">\n\t\t\t\t<div class=\"elementor-widget-container\">\n\t\t\t\t\t<h5 class=\"elementor-heading-title elementor-size-default\">1 L<\/h5>\t\t\t\t<\/div>\n\t\t\t\t<\/div>\n\t\t\t\t<\/div>\n\t\t<div class=\"elementor-element elementor-element-0517ee7 e-con-full e-flex e-con e-child\" data-id=\"0517ee7\" data-element_type=\"container\" data-e-type=\"container\">\n\t\t\t\t<div class=\"elementor-element elementor-element-553c8b9 elementor-widget elementor-widget-image\" data-id=\"553c8b9\" data-element_type=\"widget\" data-e-type=\"widget\" data-widget_type=\"image.default\">\n\t\t\t\t<div class=\"elementor-widget-container\">\n\t\t\t\t\t\t\t\t\t\t\t\t\t\t\t<img loading=\"lazy\" decoding=\"async\" width=\"173\" height=\"539\" src=\"https:\/\/ujitepelene.com\/wp-content\/uploads\/2025\/06\/image-3.webp\" class=\"attachment-full size-full wp-image-3094\" alt=\"\" srcset=\"https:\/\/ujitepelene.com\/wp-content\/uploads\/2025\/06\/image-3.webp 173w, https:\/\/ujitepelene.com\/wp-content\/uploads\/2025\/06\/image-3-96x300.webp 96w, https:\/\/ujitepelene.com\/wp-content\/uploads\/2025\/06\/image-3-4x12.webp 4w\" sizes=\"(max-width: 173px) 100vw, 173px\" \/>\t\t\t\t\t\t\t\t\t\t\t\t\t\t\t<\/div>\n\t\t\t\t<\/div>\n\t\t\t\t<div class=\"elementor-element elementor-element-8a96051 elementor-hidden-mobile elementor-widget elementor-widget-heading\" data-id=\"8a96051\" data-element_type=\"widget\" data-e-type=\"widget\" data-widget_type=\"heading.default\">\n\t\t\t\t<div class=\"elementor-widget-container\">\n\t\t\t\t\t<h5 class=\"elementor-heading-title elementor-size-default\">1.5 L<\/h5>\t\t\t\t<\/div>\n\t\t\t\t<\/div>\n\t\t\t\t<\/div>\n\t\t<div class=\"elementor-element elementor-element-8599f44 e-con-full e-flex e-con e-child\" data-id=\"8599f44\" data-element_type=\"container\" data-e-type=\"container\">\n\t\t\t\t<div class=\"elementor-element elementor-element-8adac7b elementor-widget elementor-widget-image\" data-id=\"8adac7b\" data-element_type=\"widget\" data-e-type=\"widget\" data-widget_type=\"image.default\">\n\t\t\t\t<div class=\"elementor-widget-container\">\n\t\t\t\t\t\t\t\t\t\t\t\t\t\t\t<img loading=\"lazy\" decoding=\"async\" width=\"210\" height=\"610\" src=\"https:\/\/ujitepelene.com\/wp-content\/uploads\/2025\/06\/image-4.webp\" class=\"attachment-full size-full wp-image-3095\" alt=\"\" srcset=\"https:\/\/ujitepelene.com\/wp-content\/uploads\/2025\/06\/image-4.webp 210w, https:\/\/ujitepelene.com\/wp-content\/uploads\/2025\/06\/image-4-103x300.webp 103w, https:\/\/ujitepelene.com\/wp-content\/uploads\/2025\/06\/image-4-4x12.webp 4w\" sizes=\"(max-width: 210px) 100vw, 210px\" \/>\t\t\t\t\t\t\t\t\t\t\t\t\t\t\t<\/div>\n\t\t\t\t<\/div>\n\t\t\t\t<div class=\"elementor-element elementor-element-ebfabf5 elementor-hidden-mobile elementor-widget elementor-widget-heading\" data-id=\"ebfabf5\" data-element_type=\"widget\" data-e-type=\"widget\" data-widget_type=\"heading.default\">\n\t\t\t\t<div class=\"elementor-widget-container\">\n\t\t\t\t\t<h5 class=\"elementor-heading-title elementor-size-default\">2 L<\/h5>\t\t\t\t<\/div>\n\t\t\t\t<\/div>\n\t\t\t\t<\/div>\n\t\t\t\t<\/div>\n\t\t\t\t<\/div>\n\t\t\t\t<\/div>\n\t\t\t\t<\/div>","protected":false},"excerpt":{"rendered":"<p>Klasike Uji yn\u00eb klasik ruan past\u00ebrtin\u00eb e burimit, duke ofruar nj\u00eb dizajn t\u00eb thjesht\u00eb dhe praktik. Ideale p\u00ebr p\u00ebrdorim t\u00eb p\u00ebrditsh\u00ebm dhe \u00e7do mjedis. 0.33 L 0.5 L 1 L 1.5 L 2 L<\/p>","protected":false},"author":1,"featured_media":0,"parent":29,"menu_order":0,"comment_status":"closed","ping_status":"closed","template":"","meta":{"_acf_changed":false,"inline_featured_image":false,"footnotes":""},"class_list":["post-466","page","type-page","status-publish","hentry"],"acf":[],"_links":{"self":[{"href":"https:\/\/ujitepelene.com\/en\/wp-json\/wp\/v2\/pages\/466","targetHints":{"allow":["GET"]}}],"collection":[{"href":"https:\/\/ujitepelene.com\/en\/wp-json\/wp\/v2\/pages"}],"about":[{"href":"https:\/\/ujitepelene.com\/en\/wp-json\/wp\/v2\/types\/page"}],"author":[{"embeddable":true,"href":"https:\/\/ujitepelene.com\/en\/wp-json\/wp\/v2\/users\/1"}],"replies":[{"embeddable":true,"href":"https:\/\/ujitepelene.com\/en\/wp-json\/wp\/v2\/comments?post=466"}],"version-history":[{"count":52,"href":"https:\/\/ujitepelene.com\/en\/wp-json\/wp\/v2\/pages\/466\/revisions"}],"predecessor-version":[{"id":3498,"href":"https:\/\/ujitepelene.com\/en\/wp-json\/wp\/v2\/pages\/466\/revisions\/3498"}],"up":[{"embeddable":true,"href":"https:\/\/ujitepelene.com\/en\/wp-json\/wp\/v2\/pages\/29"}],"wp:attachment":[{"href":"https:\/\/ujitepelene.com\/en\/wp-json\/wp\/v2\/media?parent=466"}],"curies":[{"name":"wp","href":"https:\/\/api.w.org\/{rel}","templated":true}]}}