{"id":494,"date":"2025-04-23T13:50:03","date_gmt":"2025-04-23T13:50:03","guid":{"rendered":"http:\/\/18.159.214.213\/?page_id=494"},"modified":"2025-07-28T09:57:45","modified_gmt":"2025-07-28T09:57:45","slug":"me-gaz","status":"publish","type":"page","link":"https:\/\/ujitepelene.com\/en\/uji-yne\/me-gaz\/","title":{"rendered":"Me Gaz"},"content":{"rendered":"<div data-elementor-type=\"wp-page\" data-elementor-id=\"494\" class=\"elementor elementor-494\" data-elementor-post-type=\"page\">\n\t\t\t\t<div class=\"elementor-element elementor-element-be2b384 e-con-full e-flex e-con e-parent\" data-id=\"be2b384\" data-element_type=\"container\" data-e-type=\"container\">\n\t\t<div class=\"elementor-element elementor-element-fa97d74 e-con-full e-flex e-con e-child\" data-id=\"fa97d74\" data-element_type=\"container\" data-e-type=\"container\" data-settings=\"{&quot;background_background&quot;:&quot;classic&quot;}\">\n\t\t<div class=\"elementor-element elementor-element-25f8cd0 e-con-full e-flex e-con e-child\" data-id=\"25f8cd0\" data-element_type=\"container\" data-e-type=\"container\">\n\t\t\t\t<div class=\"elementor-element elementor-element-d456b21 elementor-widget elementor-widget-heading\" data-id=\"d456b21\" data-element_type=\"widget\" data-e-type=\"widget\" data-widget_type=\"heading.default\">\n\t\t\t\t<div class=\"elementor-widget-container\">\n\t\t\t\t\t<h3 class=\"elementor-heading-title elementor-size-default\">Me Gaz<\/h3>\t\t\t\t<\/div>\n\t\t\t\t<\/div>\n\t\t\t\t<div class=\"elementor-element elementor-element-361f3a2 elementor-widget elementor-widget-text-editor\" data-id=\"361f3a2\" data-element_type=\"widget\" data-e-type=\"widget\" data-widget_type=\"text-editor.default\">\n\t\t\t\t<div class=\"elementor-widget-container\">\n\t\t\t\t\t\t\t\t\t<p>The sparkling line offers a light bubbly sensation that enlivens every sip. It can be the ideal companion for meals or for those seeking something more dynamic than plain water.<\/p>\t\t\t\t\t\t\t\t<\/div>\n\t\t\t\t<\/div>\n\t\t\t\t<\/div>\n\t\t<div class=\"elementor-element elementor-element-6a306f5 e-con-full e-flex e-con e-child\" data-id=\"6a306f5\" data-element_type=\"container\" data-e-type=\"container\">\n\t\t<div class=\"elementor-element elementor-element-6bdde5f e-con-full e-flex e-con e-child\" data-id=\"6bdde5f\" data-element_type=\"container\" data-e-type=\"container\">\n\t\t\t\t<div class=\"elementor-element elementor-element-abf2c56 elementor-widget elementor-widget-image\" data-id=\"abf2c56\" data-element_type=\"widget\" data-e-type=\"widget\" data-widget_type=\"image.default\">\n\t\t\t\t<div class=\"elementor-widget-container\">\n\t\t\t\t\t\t\t\t\t\t\t\t\t\t\t<img decoding=\"async\" width=\"102\" height=\"348\" src=\"https:\/\/ujitepelene.com\/wp-content\/uploads\/2025\/06\/image-13.webp\" class=\"attachment-full size-full wp-image-3103\" alt=\"\" srcset=\"https:\/\/ujitepelene.com\/wp-content\/uploads\/2025\/06\/image-13.webp 102w, https:\/\/ujitepelene.com\/wp-content\/uploads\/2025\/06\/image-13-88x300.webp 88w\" sizes=\"(max-width: 102px) 100vw, 102px\" \/>\t\t\t\t\t\t\t\t\t\t\t\t\t\t\t<\/div>\n\t\t\t\t<\/div>\n\t\t\t\t<div class=\"elementor-element elementor-element-3dad0a2 elementor-hidden-mobile elementor-widget elementor-widget-heading\" data-id=\"3dad0a2\" data-element_type=\"widget\" data-e-type=\"widget\" data-widget_type=\"heading.default\">\n\t\t\t\t<div class=\"elementor-widget-container\">\n\t\t\t\t\t<h5 class=\"elementor-heading-title elementor-size-default\">0.33 L<\/h5>\t\t\t\t<\/div>\n\t\t\t\t<\/div>\n\t\t\t\t<\/div>\n\t\t<div class=\"elementor-element elementor-element-5e6de34 e-con-full e-flex e-con e-child\" data-id=\"5e6de34\" data-element_type=\"container\" data-e-type=\"container\">\n\t\t\t\t<div class=\"elementor-element elementor-element-4828878 elementor-widget elementor-widget-image\" data-id=\"4828878\" data-element_type=\"widget\" data-e-type=\"widget\" data-widget_type=\"image.default\">\n\t\t\t\t<div class=\"elementor-widget-container\">\n\t\t\t\t\t\t\t\t\t\t\t\t\t\t\t<img decoding=\"async\" width=\"117\" height=\"415\" src=\"https:\/\/ujitepelene.com\/wp-content\/uploads\/2025\/06\/image-14.webp\" class=\"attachment-full size-full wp-image-3104\" alt=\"\" srcset=\"https:\/\/ujitepelene.com\/wp-content\/uploads\/2025\/06\/image-14.webp 117w, https:\/\/ujitepelene.com\/wp-content\/uploads\/2025\/06\/image-14-85x300.webp 85w, https:\/\/ujitepelene.com\/wp-content\/uploads\/2025\/06\/image-14-3x12.webp 3w\" sizes=\"(max-width: 117px) 100vw, 117px\" \/>\t\t\t\t\t\t\t\t\t\t\t\t\t\t\t<\/div>\n\t\t\t\t<\/div>\n\t\t\t\t<div class=\"elementor-element elementor-element-44ecd18 elementor-hidden-mobile elementor-widget elementor-widget-heading\" data-id=\"44ecd18\" data-element_type=\"widget\" data-e-type=\"widget\" data-widget_type=\"heading.default\">\n\t\t\t\t<div class=\"elementor-widget-container\">\n\t\t\t\t\t<h5 class=\"elementor-heading-title elementor-size-default\">0.5 L<\/h5>\t\t\t\t<\/div>\n\t\t\t\t<\/div>\n\t\t\t\t<\/div>\n\t\t<div class=\"elementor-element elementor-element-c08d79c e-con-full e-flex e-con e-child\" data-id=\"c08d79c\" data-element_type=\"container\" data-e-type=\"container\">\n\t\t\t\t<div class=\"elementor-element elementor-element-3b6dab4 elementor-widget elementor-widget-image\" data-id=\"3b6dab4\" data-element_type=\"widget\" data-e-type=\"widget\" data-widget_type=\"image.default\">\n\t\t\t\t<div class=\"elementor-widget-container\">\n\t\t\t\t\t\t\t\t\t\t\t\t\t\t\t<img decoding=\"async\" width=\"116\" height=\"422\" src=\"https:\/\/ujitepelene.com\/wp-content\/uploads\/2025\/06\/image-15.webp\" class=\"attachment-full size-full wp-image-3105\" alt=\"\" srcset=\"https:\/\/ujitepelene.com\/wp-content\/uploads\/2025\/06\/image-15.webp 116w, https:\/\/ujitepelene.com\/wp-content\/uploads\/2025\/06\/image-15-3x12.webp 3w\" sizes=\"(max-width: 116px) 100vw, 116px\" \/>\t\t\t\t\t\t\t\t\t\t\t\t\t\t\t<\/div>\n\t\t\t\t<\/div>\n\t\t\t\t<div class=\"elementor-element elementor-element-1aecbdf elementor-hidden-mobile elementor-widget elementor-widget-heading\" data-id=\"1aecbdf\" data-element_type=\"widget\" data-e-type=\"widget\" data-widget_type=\"heading.default\">\n\t\t\t\t<div class=\"elementor-widget-container\">\n\t\t\t\t\t<h5 class=\"elementor-heading-title elementor-size-default\">0.5 L<\/h5>\t\t\t\t<\/div>\n\t\t\t\t<\/div>\n\t\t\t\t<\/div>\n\t\t<div class=\"elementor-element elementor-element-826c50e e-con-full e-flex e-con e-child\" data-id=\"826c50e\" data-element_type=\"container\" data-e-type=\"container\">\n\t\t\t\t<div class=\"elementor-element elementor-element-6e5bc6f elementor-widget elementor-widget-image\" data-id=\"6e5bc6f\" data-element_type=\"widget\" data-e-type=\"widget\" data-widget_type=\"image.default\">\n\t\t\t\t<div class=\"elementor-widget-container\">\n\t\t\t\t\t\t\t\t\t\t\t\t\t\t\t<img loading=\"lazy\" decoding=\"async\" width=\"147\" height=\"529\" src=\"https:\/\/ujitepelene.com\/wp-content\/uploads\/2025\/06\/image-16.webp\" class=\"attachment-full size-full wp-image-3106\" alt=\"\" srcset=\"https:\/\/ujitepelene.com\/wp-content\/uploads\/2025\/06\/image-16.webp 147w, https:\/\/ujitepelene.com\/wp-content\/uploads\/2025\/06\/image-16-83x300.webp 83w, https:\/\/ujitepelene.com\/wp-content\/uploads\/2025\/06\/image-16-3x12.webp 3w\" sizes=\"(max-width: 147px) 100vw, 147px\" \/>\t\t\t\t\t\t\t\t\t\t\t\t\t\t\t<\/div>\n\t\t\t\t<\/div>\n\t\t\t\t<div class=\"elementor-element elementor-element-929e7f2 elementor-hidden-mobile elementor-widget elementor-widget-heading\" data-id=\"929e7f2\" data-element_type=\"widget\" data-e-type=\"widget\" data-widget_type=\"heading.default\">\n\t\t\t\t<div class=\"elementor-widget-container\">\n\t\t\t\t\t<h5 class=\"elementor-heading-title elementor-size-default\">1 L<\/h5>\t\t\t\t<\/div>\n\t\t\t\t<\/div>\n\t\t\t\t<\/div>\n\t\t<div class=\"elementor-element elementor-element-7f8c59c e-con-full e-flex e-con e-child\" data-id=\"7f8c59c\" data-element_type=\"container\" data-e-type=\"container\">\n\t\t\t\t<div class=\"elementor-element elementor-element-5281135 elementor-widget elementor-widget-image\" data-id=\"5281135\" data-element_type=\"widget\" data-e-type=\"widget\" data-widget_type=\"image.default\">\n\t\t\t\t<div class=\"elementor-widget-container\">\n\t\t\t\t\t\t\t\t\t\t\t\t\t\t\t<img loading=\"lazy\" decoding=\"async\" width=\"176\" height=\"592\" src=\"https:\/\/ujitepelene.com\/wp-content\/uploads\/2025\/06\/image-17.webp\" class=\"attachment-full size-full wp-image-3107\" alt=\"\" srcset=\"https:\/\/ujitepelene.com\/wp-content\/uploads\/2025\/06\/image-17.webp 176w, https:\/\/ujitepelene.com\/wp-content\/uploads\/2025\/06\/image-17-89x300.webp 89w, https:\/\/ujitepelene.com\/wp-content\/uploads\/2025\/06\/image-17-4x12.webp 4w\" sizes=\"(max-width: 176px) 100vw, 176px\" \/>\t\t\t\t\t\t\t\t\t\t\t\t\t\t\t<\/div>\n\t\t\t\t<\/div>\n\t\t\t\t<div class=\"elementor-element elementor-element-a4f9460 elementor-hidden-mobile elementor-widget elementor-widget-heading\" data-id=\"a4f9460\" data-element_type=\"widget\" data-e-type=\"widget\" data-widget_type=\"heading.default\">\n\t\t\t\t<div class=\"elementor-widget-container\">\n\t\t\t\t\t<h5 class=\"elementor-heading-title elementor-size-default\">1.5\n L<\/h5>\t\t\t\t<\/div>\n\t\t\t\t<\/div>\n\t\t\t\t<\/div>\n\t\t\t\t<\/div>\n\t\t\t\t<\/div>\n\t\t\t\t<\/div>\n\t\t\t\t<\/div>","protected":false},"excerpt":{"rendered":"<p>Me Gaz Linja me gaz ofron nj\u00eb ndjesi t\u00eb leht\u00eb flluskash q\u00eb gjall\u00ebron \u00e7do gll\u00ebnjk\u00eb. Mund t\u00eb jet\u00eb shoq\u00ebruesi ideal p\u00ebr vaktet apo p\u00ebr ata q\u00eb k\u00ebrkojn\u00eb di\u00e7ka m\u00eb dinamike se uji i thjesht\u00eb. 0.33 L 0.5 L 0.5 L 1 L 1.5 L<\/p>","protected":false},"author":1,"featured_media":0,"parent":29,"menu_order":0,"comment_status":"closed","ping_status":"closed","template":"","meta":{"_acf_changed":false,"inline_featured_image":false,"footnotes":""},"class_list":["post-494","page","type-page","status-publish","hentry"],"acf":[],"_links":{"self":[{"href":"https:\/\/ujitepelene.com\/en\/wp-json\/wp\/v2\/pages\/494","targetHints":{"allow":["GET"]}}],"collection":[{"href":"https:\/\/ujitepelene.com\/en\/wp-json\/wp\/v2\/pages"}],"about":[{"href":"https:\/\/ujitepelene.com\/en\/wp-json\/wp\/v2\/types\/page"}],"author":[{"embeddable":true,"href":"https:\/\/ujitepelene.com\/en\/wp-json\/wp\/v2\/users\/1"}],"replies":[{"embeddable":true,"href":"https:\/\/ujitepelene.com\/en\/wp-json\/wp\/v2\/comments?post=494"}],"version-history":[{"count":46,"href":"https:\/\/ujitepelene.com\/en\/wp-json\/wp\/v2\/pages\/494\/revisions"}],"predecessor-version":[{"id":3737,"href":"https:\/\/ujitepelene.com\/en\/wp-json\/wp\/v2\/pages\/494\/revisions\/3737"}],"up":[{"embeddable":true,"href":"https:\/\/ujitepelene.com\/en\/wp-json\/wp\/v2\/pages\/29"}],"wp:attachment":[{"href":"https:\/\/ujitepelene.com\/en\/wp-json\/wp\/v2\/media?parent=494"}],"curies":[{"name":"wp","href":"https:\/\/api.w.org\/{rel}","templated":true}]}}