{"id":504,"date":"2025-04-23T13:53:28","date_gmt":"2025-04-23T13:53:28","guid":{"rendered":"http:\/\/18.159.214.213\/?page_id=504"},"modified":"2025-06-12T14:48:20","modified_gmt":"2025-06-12T14:48:20","slug":"sports-kids","status":"publish","type":"page","link":"https:\/\/ujitepelene.com\/en\/uji-yne\/sports-kids\/","title":{"rendered":"Sports &amp; Kids"},"content":{"rendered":"<div data-elementor-type=\"wp-page\" data-elementor-id=\"504\" class=\"elementor elementor-504\" data-elementor-post-type=\"page\">\n\t\t\t\t<div class=\"elementor-element elementor-element-669d138 e-con-full e-flex e-con e-parent\" data-id=\"669d138\" data-element_type=\"container\" data-e-type=\"container\">\n\t\t<div class=\"elementor-element elementor-element-ec63298 e-con-full e-flex e-con e-child\" data-id=\"ec63298\" data-element_type=\"container\" data-e-type=\"container\" data-settings=\"{&quot;background_background&quot;:&quot;classic&quot;}\">\n\t\t<div class=\"elementor-element elementor-element-dc37b86 e-con-full e-flex e-con e-child\" data-id=\"dc37b86\" data-element_type=\"container\" data-e-type=\"container\">\n\t\t\t\t<div class=\"elementor-element elementor-element-a601a37 elementor-widget elementor-widget-heading\" data-id=\"a601a37\" data-element_type=\"widget\" data-e-type=\"widget\" data-widget_type=\"heading.default\">\n\t\t\t\t<div class=\"elementor-widget-container\">\n\t\t\t\t\t<h3 class=\"elementor-heading-title elementor-size-default\">Sport &amp; Kids<\/h3>\t\t\t\t<\/div>\n\t\t\t\t<\/div>\n\t\t\t\t<div class=\"elementor-element elementor-element-7bc4f31 elementor-widget elementor-widget-text-editor\" data-id=\"7bc4f31\" data-element_type=\"widget\" data-e-type=\"widget\" data-widget_type=\"text-editor.default\">\n\t\t\t\t<div class=\"elementor-widget-container\">\n\t\t\t\t\t\t\t\t\t<p>Formats specially designed for those on the go or for children who want a practical and durable bottle. The sports cap makes consumption easier and ensures safer holding.<\/p>\t\t\t\t\t\t\t\t<\/div>\n\t\t\t\t<\/div>\n\t\t\t\t<\/div>\n\t\t<div class=\"elementor-element elementor-element-129db15 e-con-full e-flex e-con e-child\" data-id=\"129db15\" data-element_type=\"container\" data-e-type=\"container\">\n\t\t<div class=\"elementor-element elementor-element-04b26d6 e-con-full e-flex e-con e-child\" data-id=\"04b26d6\" data-element_type=\"container\" data-e-type=\"container\">\n\t\t\t\t<div class=\"elementor-element elementor-element-9addfbc elementor-widget elementor-widget-image\" data-id=\"9addfbc\" data-element_type=\"widget\" data-e-type=\"widget\" data-widget_type=\"image.default\">\n\t\t\t\t<div class=\"elementor-widget-container\">\n\t\t\t\t\t\t\t\t\t\t\t\t\t\t\t<img fetchpriority=\"high\" decoding=\"async\" width=\"170\" height=\"615\" src=\"https:\/\/ujitepelene.com\/wp-content\/uploads\/2025\/06\/image-12.webp\" class=\"attachment-full size-full wp-image-3102\" alt=\"\" srcset=\"https:\/\/ujitepelene.com\/wp-content\/uploads\/2025\/06\/image-12.webp 170w, https:\/\/ujitepelene.com\/wp-content\/uploads\/2025\/06\/image-12-83x300.webp 83w, https:\/\/ujitepelene.com\/wp-content\/uploads\/2025\/06\/image-12-3x12.webp 3w\" sizes=\"(max-width: 170px) 100vw, 170px\" \/>\t\t\t\t\t\t\t\t\t\t\t\t\t\t\t<\/div>\n\t\t\t\t<\/div>\n\t\t\t\t<div class=\"elementor-element elementor-element-263b273 elementor-hidden-mobile elementor-widget elementor-widget-heading\" data-id=\"263b273\" data-element_type=\"widget\" data-e-type=\"widget\" data-widget_type=\"heading.default\">\n\t\t\t\t<div class=\"elementor-widget-container\">\n\t\t\t\t\t<h5 class=\"elementor-heading-title elementor-size-default\">0.75 L<\/h5>\t\t\t\t<\/div>\n\t\t\t\t<\/div>\n\t\t\t\t<\/div>\n\t\t<div class=\"elementor-element elementor-element-69bdff1 e-con-full e-flex e-con e-child\" data-id=\"69bdff1\" data-element_type=\"container\" data-e-type=\"container\">\n\t\t\t\t<div class=\"elementor-element elementor-element-7839e15 elementor-widget elementor-widget-image\" data-id=\"7839e15\" data-element_type=\"widget\" data-e-type=\"widget\" data-widget_type=\"image.default\">\n\t\t\t\t<div class=\"elementor-widget-container\">\n\t\t\t\t\t\t\t\t\t\t\t\t\t\t\t<img decoding=\"async\" width=\"124\" height=\"442\" src=\"https:\/\/ujitepelene.com\/wp-content\/uploads\/2025\/06\/image-11.webp\" class=\"attachment-full size-full wp-image-3101\" alt=\"\" srcset=\"https:\/\/ujitepelene.com\/wp-content\/uploads\/2025\/06\/image-11.webp 124w, https:\/\/ujitepelene.com\/wp-content\/uploads\/2025\/06\/image-11-84x300.webp 84w, https:\/\/ujitepelene.com\/wp-content\/uploads\/2025\/06\/image-11-3x12.webp 3w\" sizes=\"(max-width: 124px) 100vw, 124px\" \/>\t\t\t\t\t\t\t\t\t\t\t\t\t\t\t<\/div>\n\t\t\t\t<\/div>\n\t\t\t\t<div class=\"elementor-element elementor-element-21dd384 elementor-hidden-mobile elementor-widget elementor-widget-heading\" data-id=\"21dd384\" data-element_type=\"widget\" data-e-type=\"widget\" data-widget_type=\"heading.default\">\n\t\t\t\t<div class=\"elementor-widget-container\">\n\t\t\t\t\t<h5 class=\"elementor-heading-title elementor-size-default\">0.33 L<\/h5>\t\t\t\t<\/div>\n\t\t\t\t<\/div>\n\t\t\t\t<\/div>\n\t\t\t\t<\/div>\n\t\t\t\t<\/div>\n\t\t\t\t<\/div>\n\t\t\t\t<\/div>","protected":false},"excerpt":{"rendered":"<p>Sport &amp; Kids Formate t\u00eb krijuara posa\u00e7\u00ebrisht p\u00ebr ata q\u00eb jan\u00eb n\u00eb l\u00ebvizje ose p\u00ebr f\u00ebmij\u00ebt q\u00eb duan t\u00eb ken\u00eb nj\u00eb shishe praktike dhe rezistente. Kapaku sportiv leht\u00ebson konsumimin dhe e b\u00ebn m\u00eb t\u00eb sigurt mbajtjen. 0.75 L 0.33 L<\/p>","protected":false},"author":1,"featured_media":0,"parent":29,"menu_order":0,"comment_status":"closed","ping_status":"closed","template":"","meta":{"_acf_changed":false,"inline_featured_image":false,"footnotes":""},"class_list":["post-504","page","type-page","status-publish","hentry"],"acf":[],"_links":{"self":[{"href":"https:\/\/ujitepelene.com\/en\/wp-json\/wp\/v2\/pages\/504","targetHints":{"allow":["GET"]}}],"collection":[{"href":"https:\/\/ujitepelene.com\/en\/wp-json\/wp\/v2\/pages"}],"about":[{"href":"https:\/\/ujitepelene.com\/en\/wp-json\/wp\/v2\/types\/page"}],"author":[{"embeddable":true,"href":"https:\/\/ujitepelene.com\/en\/wp-json\/wp\/v2\/users\/1"}],"replies":[{"embeddable":true,"href":"https:\/\/ujitepelene.com\/en\/wp-json\/wp\/v2\/comments?post=504"}],"version-history":[{"count":34,"href":"https:\/\/ujitepelene.com\/en\/wp-json\/wp\/v2\/pages\/504\/revisions"}],"predecessor-version":[{"id":3510,"href":"https:\/\/ujitepelene.com\/en\/wp-json\/wp\/v2\/pages\/504\/revisions\/3510"}],"up":[{"embeddable":true,"href":"https:\/\/ujitepelene.com\/en\/wp-json\/wp\/v2\/pages\/29"}],"wp:attachment":[{"href":"https:\/\/ujitepelene.com\/en\/wp-json\/wp\/v2\/media?parent=504"}],"curies":[{"name":"wp","href":"https:\/\/api.w.org\/{rel}","templated":true}]}}