{"id":31,"date":"2025-04-21T09:01:36","date_gmt":"2025-04-21T09:01:36","guid":{"rendered":"http:\/\/18.159.214.213\/?page_id=31"},"modified":"2025-06-16T06:39:49","modified_gmt":"2025-06-16T06:39:49","slug":"rreth-nesh","status":"publish","type":"page","link":"https:\/\/ujitepelene.com\/it\/rreth-nesh\/","title":{"rendered":"Rreth Nesh"},"content":{"rendered":"<div data-elementor-type=\"wp-page\" data-elementor-id=\"31\" class=\"elementor elementor-31\" data-elementor-post-type=\"page\">\n\t\t\t\t<div class=\"elementor-element elementor-element-f784f14 e-con-full e-flex e-con e-parent\" data-id=\"f784f14\" data-element_type=\"container\" data-e-type=\"container\" data-settings=\"{&quot;background_background&quot;:&quot;classic&quot;}\">\n\t\t<div class=\"elementor-element elementor-element-267b114 e-con-full e-flex e-con e-child\" data-id=\"267b114\" data-element_type=\"container\" data-e-type=\"container\" data-settings=\"{&quot;background_background&quot;:&quot;classic&quot;}\">\n\t\t<div class=\"elementor-element elementor-element-a6bc87b e-con-full e-flex e-con e-child\" data-id=\"a6bc87b\" data-element_type=\"container\" data-e-type=\"container\">\n\t\t\t\t<div class=\"elementor-element elementor-element-62c4ce0 elementor-widget elementor-widget-image\" data-id=\"62c4ce0\" data-element_type=\"widget\" data-e-type=\"widget\" data-widget_type=\"image.default\">\n\t\t\t\t<div class=\"elementor-widget-container\">\n\t\t\t\t\t\t\t\t\t\t\t\t\t\t\t<img decoding=\"async\" width=\"118\" height=\"119\" src=\"https:\/\/ujitepelene.com\/wp-content\/uploads\/2025\/04\/Stamp.svg\" class=\"attachment-full size-full wp-image-3141\" alt=\"\" \/>\t\t\t\t\t\t\t\t\t\t\t\t\t\t\t<\/div>\n\t\t\t\t<\/div>\n\t\t\t\t<\/div>\n\t\t<div class=\"elementor-element elementor-element-6ac3bf5 e-con-full e-flex e-con e-child\" data-id=\"6ac3bf5\" data-element_type=\"container\" data-e-type=\"container\">\n\t\t\t\t<div class=\"elementor-element elementor-element-5000f16 elementor-widget__width-initial elementor-widget elementor-widget-heading\" data-id=\"5000f16\" data-element_type=\"widget\" data-e-type=\"widget\" data-widget_type=\"heading.default\">\n\t\t\t\t<div class=\"elementor-widget-container\">\n\t\t\t\t\t<h1 class=\"elementor-heading-title elementor-size-default\">Dal Cuore delle Montagne,\nVerso Di Voi.<\/h1>\t\t\t\t<\/div>\n\t\t\t\t<\/div>\n\t\t\t\t<div class=\"elementor-element elementor-element-037576e elementor-widget__width-initial elementor-widget elementor-widget-text-editor\" data-id=\"037576e\" data-element_type=\"widget\" data-e-type=\"widget\" data-widget_type=\"text-editor.default\">\n\t\t\t\t<div class=\"elementor-widget-container\">\n\t\t\t\t\t\t\t\t\t<p>Una storia di oltre 25 anni strettamente legata alla natura albanese e alla qualit\u00e0.<\/p>\t\t\t\t\t\t\t\t<\/div>\n\t\t\t\t<\/div>\n\t\t\t\t<\/div>\n\t\t\t\t<\/div>\n\t\t\t\t<\/div>\n\t\t<div class=\"elementor-element elementor-element-d5d9295 e-con-full e-flex e-con e-parent\" data-id=\"d5d9295\" data-element_type=\"container\" data-e-type=\"container\">\n\t\t<div class=\"elementor-element elementor-element-559dfb9 e-con-full e-flex e-con e-child\" data-id=\"559dfb9\" data-element_type=\"container\" data-e-type=\"container\">\n\t\t<div class=\"elementor-element elementor-element-6a99b13 e-con-full e-flex e-con e-child\" data-id=\"6a99b13\" data-element_type=\"container\" data-e-type=\"container\">\n\t\t\t\t<div class=\"elementor-element elementor-element-197a6f7 elementor-widget__width-initial elementor-widget elementor-widget-heading\" data-id=\"197a6f7\" data-element_type=\"widget\" data-e-type=\"widget\" data-widget_type=\"heading.default\">\n\t\t\t\t<div class=\"elementor-widget-container\">\n\t\t\t\t\t<h5 class=\"elementor-heading-title elementor-size-default\">\/ La Nostra Storia<\/h5>\t\t\t\t<\/div>\n\t\t\t\t<\/div>\n\t\t\t\t<div class=\"elementor-element elementor-element-5b701b0 elementor-widget__width-initial elementor-widget elementor-widget-heading\" data-id=\"5b701b0\" data-element_type=\"widget\" data-e-type=\"widget\" data-widget_type=\"heading.default\">\n\t\t\t\t<div class=\"elementor-widget-container\">\n\t\t\t\t\t<p class=\"elementor-heading-title elementor-size-default\">Intorno al 1800, Ali Pasci\u00e0 Tepelena scopr\u00ec una sorgente rara nel cuore delle montagne albanesi\u2014un\u2019acqua pura e piena di vitalit\u00e0, che avrebbe posto le basi di ci\u00f2 che oggi \u00e8 chiamato \u201cAcqua Fredda Tepelena.\u201d Dalla nostra fondazione nel 1996, abbiamo intrecciato la tradizione di questa storica sorgente con la tecnologia moderna, conferendo a ogni goccia d\u2019acqua un\u2019eleganza naturale.\n\nSu una superficie di 30.000 m\u00b2, con oltre 4.000 m\u00b2 dedicati a impianti moderni, fino al nostro laboratorio avanzato dove svolgiamo centinaia di analisi ogni settimana, ogni dettaglio riflette il nostro impegno per la qualit\u00e0. Ci guida una visione chiara: portare a voi l\u2019essenza delle montagne albanesi nella forma pi\u00f9 pura e soddisfare il gusto di ogni consumatore che crede nelle nostre radici.<br><br>\nSia nella storia che nell\u2019innovazione, \u201cAcqua Fredda Tepelena\u201d si trova all\u2019incrocio tra tradizione e coraggio di andare avanti\u2014un viaggio in cui ogni sorso inizia con una goccia, ma porta con s\u00e9 un intero mondo di valori.<\/p>\t\t\t\t<\/div>\n\t\t\t\t<\/div>\n\t\t\t\t<\/div>\n\t\t<div class=\"elementor-element elementor-element-e4550af e-con-full e-flex e-con e-child\" data-id=\"e4550af\" data-element_type=\"container\" data-e-type=\"container\">\n\t\t\t\t<div class=\"elementor-element elementor-element-368fa25 elementor-widget__width-initial elementor-widget elementor-widget-heading\" data-id=\"368fa25\" data-element_type=\"widget\" data-e-type=\"widget\" data-widget_type=\"heading.default\">\n\t\t\t\t<div class=\"elementor-widget-container\">\n\t\t\t\t\t<h5 class=\"elementor-heading-title elementor-size-default\">\/ I Nostri Valori<\/h5>\t\t\t\t<\/div>\n\t\t\t\t<\/div>\n\t\t\t\t<div class=\"elementor-element elementor-element-6ec090e elementor-widget__width-initial elementor-widget elementor-widget-heading\" data-id=\"6ec090e\" data-element_type=\"widget\" data-e-type=\"widget\" data-widget_type=\"heading.default\">\n\t\t\t\t<div class=\"elementor-widget-container\">\n\t\t\t\t\t<p class=\"elementor-heading-title elementor-size-default\">Crediamo che la nostra forza derivi da valori chiave che guidano ogni passo del nostro percorso, dando significato a ogni decisione e azione che intraprendiamo. Dal rispetto per la natura all\u2019innovazione continua, questi principi definiscono la nostra identit\u00e0 e la nostra missione.<\/p>\t\t\t\t<\/div>\n\t\t\t\t<\/div>\n\t\t\t\t<\/div>\n\t\t\t\t<\/div>\n\t\t<div class=\"elementor-element elementor-element-163f960 e-con-full e-flex e-con e-child\" data-id=\"163f960\" data-element_type=\"container\" data-e-type=\"container\">\n\t\t\t\t<div class=\"elementor-element elementor-element-a2f41ce elementor-hidden-mobile elementor-widget elementor-widget-image\" data-id=\"a2f41ce\" data-element_type=\"widget\" data-e-type=\"widget\" data-widget_type=\"image.default\">\n\t\t\t\t<div class=\"elementor-widget-container\">\n\t\t\t\t\t\t\t\t\t\t\t\t\t\t\t<img fetchpriority=\"high\" decoding=\"async\" width=\"984\" height=\"736\" src=\"https:\/\/ujitepelene.com\/wp-content\/uploads\/2025\/06\/Frame-224.jpg\" class=\"attachment-full size-full wp-image-3587\" alt=\"\" srcset=\"https:\/\/ujitepelene.com\/wp-content\/uploads\/2025\/06\/Frame-224.jpg 984w, https:\/\/ujitepelene.com\/wp-content\/uploads\/2025\/06\/Frame-224-300x224.jpg 300w, https:\/\/ujitepelene.com\/wp-content\/uploads\/2025\/06\/Frame-224-768x574.jpg 768w, https:\/\/ujitepelene.com\/wp-content\/uploads\/2025\/06\/Frame-224-16x12.jpg 16w\" sizes=\"(max-width: 984px) 100vw, 984px\" \/>\t\t\t\t\t\t\t\t\t\t\t\t\t\t\t<\/div>\n\t\t\t\t<\/div>\n\t\t\t\t<\/div>\n\t\t\t\t<\/div>\n\t\t<div class=\"elementor-element elementor-element-5d0cc6d e-grid e-con-boxed e-con e-parent\" data-id=\"5d0cc6d\" data-element_type=\"container\" data-e-type=\"container\">\n\t\t\t\t\t<div class=\"e-con-inner\">\n\t\t<div class=\"elementor-element elementor-element-e01d9ce e-con-full e-flex e-con e-child\" data-id=\"e01d9ce\" data-element_type=\"container\" data-e-type=\"container\" data-settings=\"{&quot;background_background&quot;:&quot;gradient&quot;}\">\n\t\t\t\t<div class=\"elementor-element elementor-element-d34456f elementor-widget-tablet__width-inherit elementor-widget-mobile__width-initial elementor-widget elementor-widget-heading\" data-id=\"d34456f\" data-element_type=\"widget\" data-e-type=\"widget\" data-widget_type=\"heading.default\">\n\t\t\t\t<div class=\"elementor-widget-container\">\n\t\t\t\t\t<h3 class=\"elementor-heading-title elementor-size-default\">RISPETTO<\/h3>\t\t\t\t<\/div>\n\t\t\t\t<\/div>\n\t\t\t\t<div class=\"elementor-element elementor-element-6406351 elementor-widget__width-initial elementor-widget-mobile__width-initial elementor-widget elementor-widget-text-editor\" data-id=\"6406351\" data-element_type=\"widget\" data-e-type=\"widget\" data-widget_type=\"text-editor.default\">\n\t\t\t\t<div class=\"elementor-widget-container\">\n\t\t\t\t\t\t\t\t\t<p>Ci impegniamo a operare nel rispetto delle normative e della legislazione, valorizzando la natura e le sue risorse.<\/p>\t\t\t\t\t\t\t\t<\/div>\n\t\t\t\t<\/div>\n\t\t\t\t<\/div>\n\t\t<div class=\"elementor-element elementor-element-0166161 e-con-full e-flex e-con e-child\" data-id=\"0166161\" data-element_type=\"container\" data-e-type=\"container\" data-settings=\"{&quot;background_background&quot;:&quot;gradient&quot;}\">\n\t\t\t\t<div class=\"elementor-element elementor-element-fae21bf elementor-widget-tablet__width-inherit elementor-widget-mobile__width-initial elementor-widget elementor-widget-heading\" data-id=\"fae21bf\" data-element_type=\"widget\" data-e-type=\"widget\" data-widget_type=\"heading.default\">\n\t\t\t\t<div class=\"elementor-widget-container\">\n\t\t\t\t\t<h3 class=\"elementor-heading-title elementor-size-default\">SICUREZZA<\/h3>\t\t\t\t<\/div>\n\t\t\t\t<\/div>\n\t\t\t\t<div class=\"elementor-element elementor-element-01437b5 elementor-widget__width-initial elementor-widget-mobile__width-initial elementor-widget elementor-widget-text-editor\" data-id=\"01437b5\" data-element_type=\"widget\" data-e-type=\"widget\" data-widget_type=\"text-editor.default\">\n\t\t\t\t<div class=\"elementor-widget-container\">\n\t\t\t\t\t\t\t\t\t<p>Effettuiamo analisi di laboratorio regolari per garantire un\u2019acqua pura e affidabile.<\/p>\t\t\t\t\t\t\t\t<\/div>\n\t\t\t\t<\/div>\n\t\t\t\t<\/div>\n\t\t<div class=\"elementor-element elementor-element-54a47ca e-con-full e-flex e-con e-child\" data-id=\"54a47ca\" data-element_type=\"container\" data-e-type=\"container\" data-settings=\"{&quot;background_background&quot;:&quot;gradient&quot;}\">\n\t\t\t\t<div class=\"elementor-element elementor-element-9c1a36c elementor-widget-tablet__width-inherit elementor-widget-mobile__width-initial elementor-widget elementor-widget-heading\" data-id=\"9c1a36c\" data-element_type=\"widget\" data-e-type=\"widget\" data-widget_type=\"heading.default\">\n\t\t\t\t<div class=\"elementor-widget-container\">\n\t\t\t\t\t<h3 class=\"elementor-heading-title elementor-size-default\">QUALIT\u00c0<\/h3>\t\t\t\t<\/div>\n\t\t\t\t<\/div>\n\t\t\t\t<div class=\"elementor-element elementor-element-abd85e6 elementor-widget__width-initial elementor-widget-mobile__width-initial elementor-widget elementor-widget-text-editor\" data-id=\"abd85e6\" data-element_type=\"widget\" data-e-type=\"widget\" data-widget_type=\"text-editor.default\">\n\t\t\t\t<div class=\"elementor-widget-container\">\n\t\t\t\t\t\t\t\t\t<p>Miriamo alla perfezione attraverso investimenti in tecnologie moderne e miglioramenti continui.<\/p>\t\t\t\t\t\t\t\t<\/div>\n\t\t\t\t<\/div>\n\t\t\t\t<\/div>\n\t\t<div class=\"elementor-element elementor-element-72a6086 e-con-full e-flex e-con e-child\" data-id=\"72a6086\" data-element_type=\"container\" data-e-type=\"container\" data-settings=\"{&quot;background_background&quot;:&quot;gradient&quot;}\">\n\t\t\t\t<div class=\"elementor-element elementor-element-46d35de elementor-widget-tablet__width-inherit elementor-widget-mobile__width-initial elementor-widget elementor-widget-heading\" data-id=\"46d35de\" data-element_type=\"widget\" data-e-type=\"widget\" data-widget_type=\"heading.default\">\n\t\t\t\t<div class=\"elementor-widget-container\">\n\t\t\t\t\t<h3 class=\"elementor-heading-title elementor-size-default\">INNOVAZIONE<\/h3>\t\t\t\t<\/div>\n\t\t\t\t<\/div>\n\t\t\t\t<div class=\"elementor-element elementor-element-0e23c7f elementor-widget__width-initial elementor-widget-mobile__width-initial elementor-widget elementor-widget-text-editor\" data-id=\"0e23c7f\" data-element_type=\"widget\" data-e-type=\"widget\" data-widget_type=\"text-editor.default\">\n\t\t\t\t<div class=\"elementor-widget-container\">\n\t\t\t\t\t\t\t\t\t<p>Abbracciamo nuove idee, offrendo prodotti e servizi che superano le aspettative.<\/p>\t\t\t\t\t\t\t\t<\/div>\n\t\t\t\t<\/div>\n\t\t\t\t<\/div>\n\t\t<div class=\"elementor-element elementor-element-cd0563c e-con-full e-flex e-con e-child\" data-id=\"cd0563c\" data-element_type=\"container\" data-e-type=\"container\" data-settings=\"{&quot;background_background&quot;:&quot;gradient&quot;}\">\n\t\t\t\t<div class=\"elementor-element elementor-element-9789d72 elementor-widget-tablet__width-inherit elementor-widget-mobile__width-initial elementor-widget elementor-widget-heading\" data-id=\"9789d72\" data-element_type=\"widget\" data-e-type=\"widget\" data-widget_type=\"heading.default\">\n\t\t\t\t<div class=\"elementor-widget-container\">\n\t\t\t\t\t<h3 class=\"elementor-heading-title elementor-size-default\">DEDIZIONE<\/h3>\t\t\t\t<\/div>\n\t\t\t\t<\/div>\n\t\t\t\t<div class=\"elementor-element elementor-element-edea0d5 elementor-widget__width-initial elementor-widget-mobile__width-initial elementor-widget elementor-widget-text-editor\" data-id=\"edea0d5\" data-element_type=\"widget\" data-e-type=\"widget\" data-widget_type=\"text-editor.default\">\n\t\t\t\t<div class=\"elementor-widget-container\">\n\t\t\t\t\t\t\t\t\t<p>Formiamo regolarmente il personale e ci concentriamo sul servizio clienti, cercando sempre di offrire il meglio.<\/p>\t\t\t\t\t\t\t\t<\/div>\n\t\t\t\t<\/div>\n\t\t\t\t<\/div>\n\t\t\t\t\t<\/div>\n\t\t\t\t<\/div>\n\t\t<div class=\"elementor-element elementor-element-e60668a e-con-full e-flex e-con e-parent\" data-id=\"e60668a\" data-element_type=\"container\" data-e-type=\"container\">\n\t\t<div class=\"elementor-element elementor-element-8c787dc e-con-full e-flex e-con e-child\" data-id=\"8c787dc\" data-element_type=\"container\" data-e-type=\"container\">\n\t\t\t\t<div class=\"elementor-element elementor-element-7c3f195 elementor-widget__width-initial elementor-widget elementor-widget-heading\" data-id=\"7c3f195\" data-element_type=\"widget\" data-e-type=\"widget\" data-widget_type=\"heading.default\">\n\t\t\t\t<div class=\"elementor-widget-container\">\n\t\t\t\t\t<h5 class=\"elementor-heading-title elementor-size-default\">\/ Le nostre tracce internazionali<\/h5>\t\t\t\t<\/div>\n\t\t\t\t<\/div>\n\t\t\t\t<div class=\"elementor-element elementor-element-9556328 elementor-widget__width-initial elementor-widget elementor-widget-heading\" data-id=\"9556328\" data-element_type=\"widget\" data-e-type=\"widget\" data-widget_type=\"heading.default\">\n\t\t\t\t<div class=\"elementor-widget-container\">\n\t\t\t\t\t<p class=\"elementor-heading-title elementor-size-default\">Dal 2003, \u201cAcqua Fredda Tepelene\u201d ha intrapreso un nuovo percorso oltre i confini albanesi, esportando inizialmente in Grecia. Questo passo \u00e8 stato seguito dall\u2019ingresso in diversi mercati tra cui Kosovo, Macedonia del Nord, Italia, Regno Unito, Canada e Stati Uniti d\u2019America, estendendo cos\u00ec la nostra presenza in alcune delle metropoli pi\u00f9 grandi del mondo.\n<br><br>\nCon il passare degli anni, abbiamo rafforzato la nostra presenza e affidabilit\u00e0 nei mercati internazionali, offrendo sempre standard elevati di qualit\u00e0 e un gusto unico dalla nostra sorgente albanese. Dal 2019 siamo presenti anche in Svizzera, ampliando ulteriormente la gamma di consumatori che possono apprezzare la freschezza dell\u2019acqua Tepelene.\n<br><br><\/p>\t\t\t\t<\/div>\n\t\t\t\t<\/div>\n\t\t\t\t<\/div>\n\t\t\t\t<\/div>\n\t\t<div class=\"elementor-element elementor-element-de3f425 e-con-full e-flex e-con e-parent\" data-id=\"de3f425\" data-element_type=\"container\" data-e-type=\"container\">\n\t\t\t\t<div class=\"elementor-element elementor-element-690a667 elementor-widget elementor-widget-image\" data-id=\"690a667\" data-element_type=\"widget\" data-e-type=\"widget\" data-widget_type=\"image.default\">\n\t\t\t\t<div class=\"elementor-widget-container\">\n\t\t\t\t\t\t\t\t\t\t\t\t\t\t\t<img decoding=\"async\" width=\"612\" height=\"518\" src=\"https:\/\/ujitepelene.com\/wp-content\/uploads\/2025\/06\/Rectangle-52.jpg\" class=\"attachment-full size-full wp-image-3591\" alt=\"\" srcset=\"https:\/\/ujitepelene.com\/wp-content\/uploads\/2025\/06\/Rectangle-52.jpg 612w, https:\/\/ujitepelene.com\/wp-content\/uploads\/2025\/06\/Rectangle-52-300x254.jpg 300w, https:\/\/ujitepelene.com\/wp-content\/uploads\/2025\/06\/Rectangle-52-14x12.jpg 14w\" sizes=\"(max-width: 612px) 100vw, 612px\" \/>\t\t\t\t\t\t\t\t\t\t\t\t\t\t\t<\/div>\n\t\t\t\t<\/div>\n\t\t\t\t<\/div>\n\t\t<div class=\"elementor-element elementor-element-0111988 e-con-full e-flex e-con e-parent\" data-id=\"0111988\" data-element_type=\"container\" data-e-type=\"container\">\n\t\t\t\t<div class=\"elementor-element elementor-element-448d901 elementor-widget elementor-widget-image\" data-id=\"448d901\" data-element_type=\"widget\" data-e-type=\"widget\" data-widget_type=\"image.default\">\n\t\t\t\t<div class=\"elementor-widget-container\">\n\t\t\t\t\t\t\t\t\t\t\t\t\t\t\t<img loading=\"lazy\" decoding=\"async\" width=\"1861\" height=\"134\" src=\"https:\/\/ujitepelene.com\/wp-content\/uploads\/2025\/06\/Layer_1.webp\" class=\"attachment-full size-full wp-image-3073\" alt=\"\" srcset=\"https:\/\/ujitepelene.com\/wp-content\/uploads\/2025\/06\/Layer_1.webp 1861w, https:\/\/ujitepelene.com\/wp-content\/uploads\/2025\/06\/Layer_1-300x22.webp 300w, https:\/\/ujitepelene.com\/wp-content\/uploads\/2025\/06\/Layer_1-1024x74.webp 1024w, https:\/\/ujitepelene.com\/wp-content\/uploads\/2025\/06\/Layer_1-768x55.webp 768w, https:\/\/ujitepelene.com\/wp-content\/uploads\/2025\/06\/Layer_1-1536x111.webp 1536w, https:\/\/ujitepelene.com\/wp-content\/uploads\/2025\/06\/Layer_1-18x1.webp 18w\" sizes=\"(max-width: 1861px) 100vw, 1861px\" \/>\t\t\t\t\t\t\t\t\t\t\t\t\t\t\t<\/div>\n\t\t\t\t<\/div>\n\t\t\t\t<\/div>\n\t\t\t\t<\/div>","protected":false},"excerpt":{"rendered":"<p>Nga Zemra e Maleve, Drejt Jush. Nj\u00eb histori mbi 25 vje\u00e7are e lidhur ngusht\u00eb me natyr\u00ebn shqiptare dhe cil\u00ebsin\u00eb. \/ Historia jon\u00eb Rreth viteve 1800, Ali Pash\u00eb Tepelena zbuloi nj\u00eb burim t\u00eb rrall\u00eb n\u00eb zem\u00ebr t\u00eb maleve shqiptare\u2014nj\u00eb uj\u00eb t\u00eb past\u00ebr e plot gjall\u00ebri, q\u00eb do t\u00eb vendoste themelet e asaj q\u00eb sot quhet \u201cUji [&hellip;]<\/p>\n","protected":false},"author":1,"featured_media":0,"parent":0,"menu_order":0,"comment_status":"closed","ping_status":"closed","template":"","meta":{"_acf_changed":false,"inline_featured_image":false,"footnotes":""},"class_list":["post-31","page","type-page","status-publish","hentry"],"acf":[],"_links":{"self":[{"href":"https:\/\/ujitepelene.com\/it\/wp-json\/wp\/v2\/pages\/31","targetHints":{"allow":["GET"]}}],"collection":[{"href":"https:\/\/ujitepelene.com\/it\/wp-json\/wp\/v2\/pages"}],"about":[{"href":"https:\/\/ujitepelene.com\/it\/wp-json\/wp\/v2\/types\/page"}],"author":[{"embeddable":true,"href":"https:\/\/ujitepelene.com\/it\/wp-json\/wp\/v2\/users\/1"}],"replies":[{"embeddable":true,"href":"https:\/\/ujitepelene.com\/it\/wp-json\/wp\/v2\/comments?post=31"}],"version-history":[{"count":121,"href":"https:\/\/ujitepelene.com\/it\/wp-json\/wp\/v2\/pages\/31\/revisions"}],"predecessor-version":[{"id":3597,"href":"https:\/\/ujitepelene.com\/it\/wp-json\/wp\/v2\/pages\/31\/revisions\/3597"}],"wp:attachment":[{"href":"https:\/\/ujitepelene.com\/it\/wp-json\/wp\/v2\/media?parent=31"}],"curies":[{"name":"wp","href":"https:\/\/api.w.org\/{rel}","templated":true}]}}