{"id":35,"date":"2025-04-21T09:02:01","date_gmt":"2025-04-21T09:02:01","guid":{"rendered":"http:\/\/18.159.214.213\/?page_id=35"},"modified":"2025-06-16T06:42:44","modified_gmt":"2025-06-16T06:42:44","slug":"esenca","status":"publish","type":"page","link":"https:\/\/ujitepelene.com\/it\/esenca\/","title":{"rendered":"Esenca"},"content":{"rendered":"<div data-elementor-type=\"wp-page\" data-elementor-id=\"35\" class=\"elementor elementor-35\" data-elementor-post-type=\"page\">\n\t\t\t\t<div class=\"elementor-element elementor-element-a47e43f e-con-full e-flex e-con e-parent\" data-id=\"a47e43f\" data-element_type=\"container\" data-e-type=\"container\" data-settings=\"{&quot;background_background&quot;:&quot;classic&quot;}\">\n\t\t<div class=\"elementor-element elementor-element-ddcce50 e-con-full e-flex e-con e-child\" data-id=\"ddcce50\" data-element_type=\"container\" data-e-type=\"container\" data-settings=\"{&quot;background_background&quot;:&quot;classic&quot;}\">\n\t\t\t\t<div class=\"elementor-element elementor-element-b7ff9eb elementor-widget__width-initial elementor-widget elementor-widget-heading\" data-id=\"b7ff9eb\" data-element_type=\"widget\" data-e-type=\"widget\" data-widget_type=\"heading.default\">\n\t\t\t\t<div class=\"elementor-widget-container\">\n\t\t\t\t\t<h1 class=\"elementor-heading-title elementor-size-default\">Un\u2019eredit\u00e0 che risale a oltre 2.500 anni fa.<\/h1>\t\t\t\t<\/div>\n\t\t\t\t<\/div>\n\t\t\t\t<div class=\"elementor-element elementor-element-890f635 elementor-widget__width-initial elementor-widget elementor-widget-heading\" data-id=\"890f635\" data-element_type=\"widget\" data-e-type=\"widget\" data-widget_type=\"heading.default\">\n\t\t\t\t<div class=\"elementor-widget-container\">\n\t\t\t\t\t<h1 class=\"elementor-heading-title elementor-size-default\">Con una storia che supera i 2.500 anni, la nostra sorgente rappresenta un raro tesoro naturale nel cuore delle montagne albanesi. Ogni goccia d\u2019acqua proviene dalle profondit\u00e0 di questo patrimonio, conservando la limpidezza delle rocce cristalline e la lunga tradizione che ha reso questa sorgente cos\u00ec unica.<\/h1>\t\t\t\t<\/div>\n\t\t\t\t<\/div>\n\t\t\t\t<\/div>\n\t\t\t\t<\/div>\n\t\t<div class=\"elementor-element elementor-element-899395a e-con-full e-flex e-con e-parent\" data-id=\"899395a\" data-element_type=\"container\" data-e-type=\"container\">\n\t\t<div class=\"elementor-element elementor-element-ad3fccf e-con-full e-grid e-con e-child\" data-id=\"ad3fccf\" data-element_type=\"container\" data-e-type=\"container\" data-settings=\"{&quot;background_background&quot;:&quot;gradient&quot;}\">\n\t\t<div class=\"elementor-element elementor-element-2d2e945 e-con-full e-flex e-con e-child\" data-id=\"2d2e945\" data-element_type=\"container\" data-e-type=\"container\">\n\t\t<div class=\"elementor-element elementor-element-ff6987d e-con-full e-flex e-con e-child\" data-id=\"ff6987d\" data-element_type=\"container\" data-e-type=\"container\">\n\t\t\t\t<div class=\"elementor-element elementor-element-a7dd568 elementor-widget elementor-widget-heading\" data-id=\"a7dd568\" data-element_type=\"widget\" data-e-type=\"widget\" data-widget_type=\"heading.default\">\n\t\t\t\t<div class=\"elementor-widget-container\">\n\t\t\t\t\t<h3 class=\"elementor-heading-title elementor-size-default\">400 m<\/h3>\t\t\t\t<\/div>\n\t\t\t\t<\/div>\n\t\t\t\t<div class=\"elementor-element elementor-element-702d866 elementor-widget elementor-widget-heading\" data-id=\"702d866\" data-element_type=\"widget\" data-e-type=\"widget\" data-widget_type=\"heading.default\">\n\t\t\t\t<div class=\"elementor-widget-container\">\n\t\t\t\t\t<h5 class=\"elementor-heading-title elementor-size-default\">La profondit\u00e0 della sorgente<\/h5>\t\t\t\t<\/div>\n\t\t\t\t<\/div>\n\t\t\t\t<\/div>\n\t\t\t\t<div class=\"elementor-element elementor-element-88bf22c elementor-widget-mobile__width-initial elementor-widget elementor-widget-heading\" data-id=\"88bf22c\" data-element_type=\"widget\" data-e-type=\"widget\" data-widget_type=\"heading.default\">\n\t\t\t\t<div class=\"elementor-widget-container\">\n\t\t\t\t\t<h5 class=\"elementor-heading-title elementor-size-default\">L\u2019acqua sgorga a 400 metri sotto la superficie terrestre, dove \u00e8 protetta da ogni forma di inquinamento e acquisisce una cristallinit\u00e0 unica.<\/h5>\t\t\t\t<\/div>\n\t\t\t\t<\/div>\n\t\t\t\t<\/div>\n\t\t<div class=\"elementor-element elementor-element-c4a4f74 e-con-full e-flex e-con e-child\" data-id=\"c4a4f74\" data-element_type=\"container\" data-e-type=\"container\">\n\t\t<div class=\"elementor-element elementor-element-a599e35 e-con-full e-flex e-con e-child\" data-id=\"a599e35\" data-element_type=\"container\" data-e-type=\"container\">\n\t\t\t\t<div class=\"elementor-element elementor-element-8a1685e elementor-widget elementor-widget-heading\" data-id=\"8a1685e\" data-element_type=\"widget\" data-e-type=\"widget\" data-widget_type=\"heading.default\">\n\t\t\t\t<div class=\"elementor-widget-container\">\n\t\t\t\t\t<h3 class=\"elementor-heading-title elementor-size-default\">0,52 mg\/L Ca<br>\n50,2 mg\/L Mg<\/h3>\t\t\t\t<\/div>\n\t\t\t\t<\/div>\n\t\t\t\t<div class=\"elementor-element elementor-element-967e98c elementor-widget elementor-widget-heading\" data-id=\"967e98c\" data-element_type=\"widget\" data-e-type=\"widget\" data-widget_type=\"heading.default\">\n\t\t\t\t<div class=\"elementor-widget-container\">\n\t\t\t\t\t<h5 class=\"elementor-heading-title elementor-size-default\">Equilibrio Minerale<\/h5>\t\t\t\t<\/div>\n\t\t\t\t<\/div>\n\t\t\t\t<\/div>\n\t\t\t\t<div class=\"elementor-element elementor-element-ef1e612 elementor-widget-mobile__width-initial elementor-widget elementor-widget-heading\" data-id=\"ef1e612\" data-element_type=\"widget\" data-e-type=\"widget\" data-widget_type=\"heading.default\">\n\t\t\t\t<div class=\"elementor-widget-container\">\n\t\t\t\t\t<h5 class=\"elementor-heading-title elementor-size-default\">Il rapporto equilibrato dei minerali conferisce all\u2019acqua una struttura morbida, senza lasciare un sapore pesante.<\/h5>\t\t\t\t<\/div>\n\t\t\t\t<\/div>\n\t\t\t\t<\/div>\n\t\t<div class=\"elementor-element elementor-element-f5312b5 e-con-full e-flex e-con e-child\" data-id=\"f5312b5\" data-element_type=\"container\" data-e-type=\"container\">\n\t\t<div class=\"elementor-element elementor-element-81d6190 e-con-full e-flex e-con e-child\" data-id=\"81d6190\" data-element_type=\"container\" data-e-type=\"container\">\n\t\t\t\t<div class=\"elementor-element elementor-element-d5d3e62 elementor-widget elementor-widget-heading\" data-id=\"d5d3e62\" data-element_type=\"widget\" data-e-type=\"widget\" data-widget_type=\"heading.default\">\n\t\t\t\t<div class=\"elementor-widget-container\">\n\t\t\t\t\t<h3 class=\"elementor-heading-title elementor-size-default\">pH 7,9<\/h3>\t\t\t\t<\/div>\n\t\t\t\t<\/div>\n\t\t\t\t<div class=\"elementor-element elementor-element-de9a446 elementor-widget elementor-widget-heading\" data-id=\"de9a446\" data-element_type=\"widget\" data-e-type=\"widget\" data-widget_type=\"heading.default\">\n\t\t\t\t<div class=\"elementor-widget-container\">\n\t\t\t\t\t<h5 class=\"elementor-heading-title elementor-size-default\">Valore Ottimale<\/h5>\t\t\t\t<\/div>\n\t\t\t\t<\/div>\n\t\t\t\t<\/div>\n\t\t\t\t<div class=\"elementor-element elementor-element-34dcaeb elementor-widget-mobile__width-initial elementor-widget elementor-widget-heading\" data-id=\"34dcaeb\" data-element_type=\"widget\" data-e-type=\"widget\" data-widget_type=\"heading.default\">\n\t\t\t\t<div class=\"elementor-widget-container\">\n\t\t\t\t\t<h5 class=\"elementor-heading-title elementor-size-default\">Un pH equilibrato che conferisce all\u2019acqua una qualit\u00e0 morbida e piacevole, ideale per il consumo quotidiano.<\/h5>\t\t\t\t<\/div>\n\t\t\t\t<\/div>\n\t\t\t\t<\/div>\n\t\t<div class=\"elementor-element elementor-element-1abb9f2 e-con-full e-flex e-con e-child\" data-id=\"1abb9f2\" data-element_type=\"container\" data-e-type=\"container\">\n\t\t<div class=\"elementor-element elementor-element-89fe6c4 e-con-full e-flex e-con e-child\" data-id=\"89fe6c4\" data-element_type=\"container\" data-e-type=\"container\">\n\t\t\t\t<div class=\"elementor-element elementor-element-e7dada7 elementor-widget elementor-widget-heading\" data-id=\"e7dada7\" data-element_type=\"widget\" data-e-type=\"widget\" data-widget_type=\"heading.default\">\n\t\t\t\t<div class=\"elementor-widget-container\">\n\t\t\t\t\t<h3 class=\"elementor-heading-title elementor-size-default\">12 Anni<\/h3>\t\t\t\t<\/div>\n\t\t\t\t<\/div>\n\t\t\t\t<div class=\"elementor-element elementor-element-7c291eb elementor-widget elementor-widget-heading\" data-id=\"7c291eb\" data-element_type=\"widget\" data-e-type=\"widget\" data-widget_type=\"heading.default\">\n\t\t\t\t<div class=\"elementor-widget-container\">\n\t\t\t\t\t<h5 class=\"elementor-heading-title elementor-size-default\">Processo Naturale<\/h5>\t\t\t\t<\/div>\n\t\t\t\t<\/div>\n\t\t\t\t<\/div>\n\t\t\t\t<div class=\"elementor-element elementor-element-61a150d elementor-widget-mobile__width-initial elementor-widget elementor-widget-heading\" data-id=\"61a150d\" data-element_type=\"widget\" data-e-type=\"widget\" data-widget_type=\"heading.default\">\n\t\t\t\t<div class=\"elementor-widget-container\">\n\t\t\t\t\t<h5 class=\"elementor-heading-title elementor-size-default\">Prima di raggiungere la superficie, l\u2019acqua trascorre oltre un decennio nelle profondit\u00e0, conservando l\u2019essenza pura della natura albanese.<\/h5>\t\t\t\t<\/div>\n\t\t\t\t<\/div>\n\t\t\t\t<\/div>\n\t\t\t\t<\/div>\n\t\t\t\t<\/div>\n\t\t<div class=\"elementor-element elementor-element-e5ef93c e-con-full e-flex e-con e-parent\" data-id=\"e5ef93c\" data-element_type=\"container\" data-e-type=\"container\">\n\t\t\t\t<div class=\"elementor-element elementor-element-a9adc80 elementor-widget elementor-widget-image\" data-id=\"a9adc80\" data-element_type=\"widget\" data-e-type=\"widget\" data-widget_type=\"image.default\">\n\t\t\t\t<div class=\"elementor-widget-container\">\n\t\t\t\t\t\t\t\t\t\t\t\t\t\t\t<img decoding=\"async\" src=\"https:\/\/ujitepelene.com\/wp-content\/uploads\/2025\/05\/Shkrimi.png\" title=\"\" alt=\"\" loading=\"lazy\" \/>\t\t\t\t\t\t\t\t\t\t\t\t\t\t\t<\/div>\n\t\t\t\t<\/div>\n\t\t\t\t<\/div>\n\t\t<div class=\"elementor-element elementor-element-9a13766 e-con-full e-flex e-con e-parent\" data-id=\"9a13766\" data-element_type=\"container\" data-e-type=\"container\">\n\t\t\t\t<div class=\"elementor-element elementor-element-d8b21e7 elementor-widget__width-initial elementor-widget-tablet__width-initial elementor-widget elementor-widget-heading\" data-id=\"d8b21e7\" data-element_type=\"widget\" data-e-type=\"widget\" data-widget_type=\"heading.default\">\n\t\t\t\t<div class=\"elementor-widget-container\">\n\t\t\t\t\t<h5 class=\"elementor-heading-title elementor-size-default\">\/ Equilibrio\nPerfetto\ndei Minerali<\/h5>\t\t\t\t<\/div>\n\t\t\t\t<\/div>\n\t\t\t\t<div class=\"elementor-element elementor-element-f96c1c2 elementor-widget__width-initial elementor-widget elementor-widget-heading\" data-id=\"f96c1c2\" data-element_type=\"widget\" data-e-type=\"widget\" data-widget_type=\"heading.default\">\n\t\t\t\t<div class=\"elementor-widget-container\">\n\t\t\t\t\t<h5 class=\"elementor-heading-title elementor-size-default\">L\u2019acqua oligominerale Tepelene si distingue per l\u2019equilibrio perfetto dei minerali, essenziali per l\u2019organismo e l\u2019idratazione quotidiana. Le sue propriet\u00e0 diuretiche aiutano nell\u2019eliminazione delle tossine del corpo, mentre il basso contenuto di sodio e fluoro la rende adatta al consumo da parte di tutti, compresi i bambini piccoli.<\/h5>\t\t\t\t<\/div>\n\t\t\t\t<\/div>\n\t\t\t\t<\/div>\n\t\t<div class=\"elementor-element elementor-element-8755980 e-grid e-con-full e-con e-parent\" data-id=\"8755980\" data-element_type=\"container\" data-e-type=\"container\">\n\t\t<div class=\"elementor-element elementor-element-f93967f e-con-full e-flex e-con e-child\" data-id=\"f93967f\" data-element_type=\"container\" data-e-type=\"container\" data-settings=\"{&quot;background_background&quot;:&quot;classic&quot;}\">\n\t\t\t\t<div class=\"elementor-element elementor-element-6ce42c3 elementor-widget__width-inherit elementor-widget elementor-widget-heading\" data-id=\"6ce42c3\" data-element_type=\"widget\" data-e-type=\"widget\" data-widget_type=\"heading.default\">\n\t\t\t\t<div class=\"elementor-widget-container\">\n\t\t\t\t\t<h5 class=\"elementor-heading-title elementor-size-default\">Residuo fisso a 180\u00b0C<\/h5>\t\t\t\t<\/div>\n\t\t\t\t<\/div>\n\t\t\t\t<div class=\"elementor-element elementor-element-5270588 elementor-widget__width-inherit elementor-widget elementor-widget-heading\" data-id=\"5270588\" data-element_type=\"widget\" data-e-type=\"widget\" data-widget_type=\"heading.default\">\n\t\t\t\t<div class=\"elementor-widget-container\">\n\t\t\t\t\t<h3 class=\"elementor-heading-title elementor-size-default\">130,0 mg\/L<\/h3>\t\t\t\t<\/div>\n\t\t\t\t<\/div>\n\t\t\t\t<\/div>\n\t\t<div class=\"elementor-element elementor-element-74014c2 e-con-full e-flex e-con e-child\" data-id=\"74014c2\" data-element_type=\"container\" data-e-type=\"container\" data-settings=\"{&quot;background_background&quot;:&quot;classic&quot;}\">\n\t\t\t\t<div class=\"elementor-element elementor-element-84d7bbc elementor-widget__width-inherit elementor-widget elementor-widget-heading\" data-id=\"84d7bbc\" data-element_type=\"widget\" data-e-type=\"widget\" data-widget_type=\"heading.default\">\n\t\t\t\t<div class=\"elementor-widget-container\">\n\t\t\t\t\t<h5 class=\"elementor-heading-title elementor-size-default\">Anidride carbonica libera<\/h5>\t\t\t\t<\/div>\n\t\t\t\t<\/div>\n\t\t\t\t<div class=\"elementor-element elementor-element-dede740 elementor-widget__width-inherit elementor-widget elementor-widget-heading\" data-id=\"dede740\" data-element_type=\"widget\" data-e-type=\"widget\" data-widget_type=\"heading.default\">\n\t\t\t\t<div class=\"elementor-widget-container\">\n\t\t\t\t\t<h3 class=\"elementor-heading-title elementor-size-default\">2,10 mg\/L<\/h3>\t\t\t\t<\/div>\n\t\t\t\t<\/div>\n\t\t\t\t<\/div>\n\t\t<div class=\"elementor-element elementor-element-4a66def e-con-full e-flex e-con e-child\" data-id=\"4a66def\" data-element_type=\"container\" data-e-type=\"container\" data-settings=\"{&quot;background_background&quot;:&quot;classic&quot;}\">\n\t\t\t\t<div class=\"elementor-element elementor-element-24499c7 elementor-widget__width-inherit elementor-widget elementor-widget-heading\" data-id=\"24499c7\" data-element_type=\"widget\" data-e-type=\"widget\" data-widget_type=\"heading.default\">\n\t\t\t\t<div class=\"elementor-widget-container\">\n\t\t\t\t\t<h5 class=\"elementor-heading-title elementor-size-default\">Calcio (Ca++)<\/h5>\t\t\t\t<\/div>\n\t\t\t\t<\/div>\n\t\t\t\t<div class=\"elementor-element elementor-element-233fce9 elementor-widget__width-inherit elementor-widget elementor-widget-heading\" data-id=\"233fce9\" data-element_type=\"widget\" data-e-type=\"widget\" data-widget_type=\"heading.default\">\n\t\t\t\t<div class=\"elementor-widget-container\">\n\t\t\t\t\t<h3 class=\"elementor-heading-title elementor-size-default\">52,6 mg\/L<\/h3>\t\t\t\t<\/div>\n\t\t\t\t<\/div>\n\t\t\t\t<\/div>\n\t\t<div class=\"elementor-element elementor-element-30f3a43 e-con-full e-flex e-con e-child\" data-id=\"30f3a43\" data-element_type=\"container\" data-e-type=\"container\" data-settings=\"{&quot;background_background&quot;:&quot;classic&quot;}\">\n\t\t\t\t<div class=\"elementor-element elementor-element-17037fd elementor-widget__width-inherit elementor-widget elementor-widget-heading\" data-id=\"17037fd\" data-element_type=\"widget\" data-e-type=\"widget\" data-widget_type=\"heading.default\">\n\t\t\t\t<div class=\"elementor-widget-container\">\n\t\t\t\t\t<h5 class=\"elementor-heading-title elementor-size-default\">Sodio (Na+)<\/h5>\t\t\t\t<\/div>\n\t\t\t\t<\/div>\n\t\t\t\t<div class=\"elementor-element elementor-element-7c56d72 elementor-widget__width-inherit elementor-widget elementor-widget-heading\" data-id=\"7c56d72\" data-element_type=\"widget\" data-e-type=\"widget\" data-widget_type=\"heading.default\">\n\t\t\t\t<div class=\"elementor-widget-container\">\n\t\t\t\t\t<h3 class=\"elementor-heading-title elementor-size-default\">130,0 mg\/L<\/h3>\t\t\t\t<\/div>\n\t\t\t\t<\/div>\n\t\t\t\t<\/div>\n\t\t<div class=\"elementor-element elementor-element-76f2b58 e-con-full e-flex e-con e-child\" data-id=\"76f2b58\" data-element_type=\"container\" data-e-type=\"container\" data-settings=\"{&quot;background_background&quot;:&quot;classic&quot;}\">\n\t\t\t\t<div class=\"elementor-element elementor-element-127a6cb elementor-widget__width-inherit elementor-widget elementor-widget-heading\" data-id=\"127a6cb\" data-element_type=\"widget\" data-e-type=\"widget\" data-widget_type=\"heading.default\">\n\t\t\t\t<div class=\"elementor-widget-container\">\n\t\t\t\t\t<h5 class=\"elementor-heading-title elementor-size-default\">Magnesio (Mg++)<\/h5>\t\t\t\t<\/div>\n\t\t\t\t<\/div>\n\t\t\t\t<div class=\"elementor-element elementor-element-74a0f58 elementor-widget__width-inherit elementor-widget elementor-widget-heading\" data-id=\"74a0f58\" data-element_type=\"widget\" data-e-type=\"widget\" data-widget_type=\"heading.default\">\n\t\t\t\t<div class=\"elementor-widget-container\">\n\t\t\t\t\t<h3 class=\"elementor-heading-title elementor-size-default\">0,48 mg\/L<\/h3>\t\t\t\t<\/div>\n\t\t\t\t<\/div>\n\t\t\t\t<\/div>\n\t\t<div class=\"elementor-element elementor-element-be0b226 e-con-full e-flex e-con e-child\" data-id=\"be0b226\" data-element_type=\"container\" data-e-type=\"container\" data-settings=\"{&quot;background_background&quot;:&quot;classic&quot;}\">\n\t\t\t\t<div class=\"elementor-element elementor-element-bf3c9ee elementor-widget__width-inherit elementor-widget elementor-widget-heading\" data-id=\"bf3c9ee\" data-element_type=\"widget\" data-e-type=\"widget\" data-widget_type=\"heading.default\">\n\t\t\t\t<div class=\"elementor-widget-container\">\n\t\t\t\t\t<h5 class=\"elementor-heading-title elementor-size-default\">Potassio (K+)<\/h5>\t\t\t\t<\/div>\n\t\t\t\t<\/div>\n\t\t\t\t<div class=\"elementor-element elementor-element-4eecd6d elementor-widget__width-inherit elementor-widget elementor-widget-heading\" data-id=\"4eecd6d\" data-element_type=\"widget\" data-e-type=\"widget\" data-widget_type=\"heading.default\">\n\t\t\t\t<div class=\"elementor-widget-container\">\n\t\t\t\t\t<h3 class=\"elementor-heading-title elementor-size-default\">0,34 mg\/L<\/h3>\t\t\t\t<\/div>\n\t\t\t\t<\/div>\n\t\t\t\t<\/div>\n\t\t<div class=\"elementor-element elementor-element-79470ea e-con-full e-flex e-con e-child\" data-id=\"79470ea\" data-element_type=\"container\" data-e-type=\"container\" data-settings=\"{&quot;background_background&quot;:&quot;classic&quot;}\">\n\t\t\t\t<div class=\"elementor-element elementor-element-d40ee05 elementor-widget__width-inherit elementor-widget elementor-widget-heading\" data-id=\"d40ee05\" data-element_type=\"widget\" data-e-type=\"widget\" data-widget_type=\"heading.default\">\n\t\t\t\t<div class=\"elementor-widget-container\">\n\t\t\t\t\t<h5 class=\"elementor-heading-title elementor-size-default\">Nitrati (NO3-)<\/h5>\t\t\t\t<\/div>\n\t\t\t\t<\/div>\n\t\t\t\t<div class=\"elementor-element elementor-element-b2033e2 elementor-widget__width-inherit elementor-widget elementor-widget-heading\" data-id=\"b2033e2\" data-element_type=\"widget\" data-e-type=\"widget\" data-widget_type=\"heading.default\">\n\t\t\t\t<div class=\"elementor-widget-container\">\n\t\t\t\t\t<h3 class=\"elementor-heading-title elementor-size-default\">1,60 mg\/L<\/h3>\t\t\t\t<\/div>\n\t\t\t\t<\/div>\n\t\t\t\t<\/div>\n\t\t<div class=\"elementor-element elementor-element-bfe3f56 e-con-full e-flex e-con e-child\" data-id=\"bfe3f56\" data-element_type=\"container\" data-e-type=\"container\" data-settings=\"{&quot;background_background&quot;:&quot;classic&quot;}\">\n\t\t\t\t<div class=\"elementor-element elementor-element-4f411ca elementor-widget__width-inherit elementor-widget elementor-widget-heading\" data-id=\"4f411ca\" data-element_type=\"widget\" data-e-type=\"widget\" data-widget_type=\"heading.default\">\n\t\t\t\t<div class=\"elementor-widget-container\">\n\t\t\t\t\t<h5 class=\"elementor-heading-title elementor-size-default\">Fluoro (F-)<\/h5>\t\t\t\t<\/div>\n\t\t\t\t<\/div>\n\t\t\t\t<div class=\"elementor-element elementor-element-38a2a22 elementor-widget__width-inherit elementor-widget elementor-widget-heading\" data-id=\"38a2a22\" data-element_type=\"widget\" data-e-type=\"widget\" data-widget_type=\"heading.default\">\n\t\t\t\t<div class=\"elementor-widget-container\">\n\t\t\t\t\t<h3 class=\"elementor-heading-title elementor-size-default\">0,04 mg\/L<\/h3>\t\t\t\t<\/div>\n\t\t\t\t<\/div>\n\t\t\t\t<\/div>\n\t\t\t\t<\/div>\n\t\t<div class=\"elementor-element elementor-element-7c6dd0e e-con-full e-flex e-con e-parent\" data-id=\"7c6dd0e\" data-element_type=\"container\" data-e-type=\"container\">\n\t\t\t\t<div class=\"elementor-element elementor-element-06c929d elementor-widget elementor-widget-image\" data-id=\"06c929d\" data-element_type=\"widget\" data-e-type=\"widget\" data-widget_type=\"image.default\">\n\t\t\t\t<div class=\"elementor-widget-container\">\n\t\t\t\t\t\t\t\t\t\t\t\t\t\t\t<img decoding=\"async\" src=\"https:\/\/ujitepelene.com\/wp-content\/uploads\/2025\/04\/Layer_12.svg\" title=\"\" alt=\"\" loading=\"lazy\" \/>\t\t\t\t\t\t\t\t\t\t\t\t\t\t\t<\/div>\n\t\t\t\t<\/div>\n\t\t\t\t<\/div>\n\t\t\t\t<\/div>","protected":false},"excerpt":{"rendered":"<p>Nj\u00eb Trash\u00ebgimi q\u00eb Daton mbi 2,500 Vjet. Me nj\u00eb histori q\u00eb kalon mbi 2,500 vjet, burimi yn\u00eb p\u00ebrfaq\u00ebson nj\u00eb pasuri t\u00eb rrall\u00eb natyrore n\u00eb zem\u00ebr t\u00eb maleve shqiptare. \u00c7do pik\u00eb uj\u00eb vjen nga thell\u00ebsit\u00eb e k\u00ebsaj trash\u00ebgimie, duke ruajtur \u00e7ilt\u00ebrsin\u00eb e gur\u00ebve kristalor\u00eb dhe tradit\u00ebn e gjat\u00eb q\u00eb e ka b\u00ebr\u00eb k\u00ebt\u00eb burim kaq unik. [&hellip;]<\/p>\n","protected":false},"author":1,"featured_media":0,"parent":0,"menu_order":0,"comment_status":"closed","ping_status":"closed","template":"","meta":{"_acf_changed":false,"inline_featured_image":false,"footnotes":""},"class_list":["post-35","page","type-page","status-publish","hentry"],"acf":[],"_links":{"self":[{"href":"https:\/\/ujitepelene.com\/it\/wp-json\/wp\/v2\/pages\/35","targetHints":{"allow":["GET"]}}],"collection":[{"href":"https:\/\/ujitepelene.com\/it\/wp-json\/wp\/v2\/pages"}],"about":[{"href":"https:\/\/ujitepelene.com\/it\/wp-json\/wp\/v2\/types\/page"}],"author":[{"embeddable":true,"href":"https:\/\/ujitepelene.com\/it\/wp-json\/wp\/v2\/users\/1"}],"replies":[{"embeddable":true,"href":"https:\/\/ujitepelene.com\/it\/wp-json\/wp\/v2\/comments?post=35"}],"version-history":[{"count":139,"href":"https:\/\/ujitepelene.com\/it\/wp-json\/wp\/v2\/pages\/35\/revisions"}],"predecessor-version":[{"id":3608,"href":"https:\/\/ujitepelene.com\/it\/wp-json\/wp\/v2\/pages\/35\/revisions\/3608"}],"wp:attachment":[{"href":"https:\/\/ujitepelene.com\/it\/wp-json\/wp\/v2\/media?parent=35"}],"curies":[{"name":"wp","href":"https:\/\/api.w.org\/{rel}","templated":true}]}}