{"id":3703,"date":"2025-06-25T08:33:46","date_gmt":"2025-06-25T08:33:46","guid":{"rendered":"https:\/\/ujitepelene.com\/?page_id=3703"},"modified":"2025-06-25T08:42:41","modified_gmt":"2025-06-25T08:42:41","slug":"politika-e-privatesise","status":"publish","type":"page","link":"https:\/\/ujitepelene.com\/it\/politika-e-privatesise\/","title":{"rendered":"Politica sulla Privacy"},"content":{"rendered":"<div data-elementor-type=\"wp-page\" data-elementor-id=\"3703\" class=\"elementor elementor-3703\" data-elementor-post-type=\"page\">\n\t\t\t\t<div class=\"elementor-element elementor-element-b4dc546 e-con-full e-flex e-con e-parent\" data-id=\"b4dc546\" data-element_type=\"container\" data-e-type=\"container\">\n\t\t\t\t<div class=\"elementor-element elementor-element-9aed64c elementor-widget elementor-widget-heading\" data-id=\"9aed64c\" data-element_type=\"widget\" data-e-type=\"widget\" data-widget_type=\"heading.default\">\n\t\t\t\t<div class=\"elementor-widget-container\">\n\t\t\t\t\t<h2 class=\"elementor-heading-title elementor-size-default\">Politica sulla Privacy<\/h2>\t\t\t\t<\/div>\n\t\t\t\t<\/div>\n\t\t<div class=\"elementor-element elementor-element-2a2f023 e-con-full e-flex e-con e-child\" data-id=\"2a2f023\" data-element_type=\"container\" data-e-type=\"container\">\n\t\t\t\t<div class=\"elementor-element elementor-element-c8a3f2f elementor-widget elementor-widget-heading\" data-id=\"c8a3f2f\" data-element_type=\"widget\" data-e-type=\"widget\" data-widget_type=\"heading.default\">\n\t\t\t\t<div class=\"elementor-widget-container\">\n\t\t\t\t\t<h5 class=\"elementor-heading-title elementor-size-default\">Data di entrata in vigore: 24.06.2025<br>\nSu ujitepelene.com, ci impegniamo a proteggere la privacy dei nostri visitatori. Questa informativa spiega come trattiamo i dati personali che potresti fornirci navigando nel sito o contattandoci direttamente.<\/h5>\t\t\t\t<\/div>\n\t\t\t\t<\/div>\n\t\t\t\t<div class=\"elementor-element elementor-element-1549938 elementor-widget elementor-widget-heading\" data-id=\"1549938\" data-element_type=\"widget\" data-e-type=\"widget\" data-widget_type=\"heading.default\">\n\t\t\t\t<div class=\"elementor-widget-container\">\n\t\t\t\t\t<h4 class=\"elementor-heading-title elementor-size-default\">1. Dati che raccogliamo<\/h4>\t\t\t\t<\/div>\n\t\t\t\t<\/div>\n\t\t\t\t<div class=\"elementor-element elementor-element-9db92da elementor-widget elementor-widget-heading\" data-id=\"9db92da\" data-element_type=\"widget\" data-e-type=\"widget\" data-widget_type=\"heading.default\">\n\t\t\t\t<div class=\"elementor-widget-container\">\n\t\t\t\t\t<h5 class=\"elementor-heading-title elementor-size-default\">Non raccogliamo dati personali automaticamente. Tuttavia, potresti decidere di inviarci informazioni personali via email, come:<br>\n- Il tuo nome<br>\n- Il tuo indirizzo email <br>\n- Qualsiasi altro dettaglio incluso nel messaggio <\/h5>\t\t\t\t<\/div>\n\t\t\t\t<\/div>\n\t\t\t\t<div class=\"elementor-element elementor-element-a39a53b elementor-widget elementor-widget-heading\" data-id=\"a39a53b\" data-element_type=\"widget\" data-e-type=\"widget\" data-widget_type=\"heading.default\">\n\t\t\t\t<div class=\"elementor-widget-container\">\n\t\t\t\t\t<h4 class=\"elementor-heading-title elementor-size-default\">2. Come utilizziamo i tuoi dati <\/h4>\t\t\t\t<\/div>\n\t\t\t\t<\/div>\n\t\t\t\t<div class=\"elementor-element elementor-element-40c1922 elementor-widget elementor-widget-heading\" data-id=\"40c1922\" data-element_type=\"widget\" data-e-type=\"widget\" data-widget_type=\"heading.default\">\n\t\t\t\t<div class=\"elementor-widget-container\">\n\t\t\t\t\t<h5 class=\"elementor-heading-title elementor-size-default\">Utilizziamo le informazioni fornite esclusivamente per:<br>\n- Rispondere alle tue richieste o domande <br>\n- Comunicare con te in merito agli argomenti da te iniziati <br>\nNon utilizziamo i tuoi dati per scopi di marketing, a meno che tu non ce lo richieda espressamente. <\/h5>\t\t\t\t<\/div>\n\t\t\t\t<\/div>\n\t\t\t\t<div class=\"elementor-element elementor-element-8d940e5 elementor-widget elementor-widget-heading\" data-id=\"8d940e5\" data-element_type=\"widget\" data-e-type=\"widget\" data-widget_type=\"heading.default\">\n\t\t\t\t<div class=\"elementor-widget-container\">\n\t\t\t\t\t<h4 class=\"elementor-heading-title elementor-size-default\">3. Cookie e tracciamento <\/h4>\t\t\t\t<\/div>\n\t\t\t\t<\/div>\n\t\t\t\t<div class=\"elementor-element elementor-element-04d05d8 elementor-widget elementor-widget-heading\" data-id=\"04d05d8\" data-element_type=\"widget\" data-e-type=\"widget\" data-widget_type=\"heading.default\">\n\t\t\t\t<div class=\"elementor-widget-container\">\n\t\t\t\t\t<h5 class=\"elementor-heading-title elementor-size-default\">Attualmente, ujitepelene.com non utilizza cookie o strumenti di tracciamento per raccogliere dati sul comportamento degli utenti. <\/h5>\t\t\t\t<\/div>\n\t\t\t\t<\/div>\n\t\t\t\t<div class=\"elementor-element elementor-element-f8f0406 elementor-widget elementor-widget-heading\" data-id=\"f8f0406\" data-element_type=\"widget\" data-e-type=\"widget\" data-widget_type=\"heading.default\">\n\t\t\t\t<div class=\"elementor-widget-container\">\n\t\t\t\t\t<h4 class=\"elementor-heading-title elementor-size-default\">4. Condivisione dei dati <\/h4>\t\t\t\t<\/div>\n\t\t\t\t<\/div>\n\t\t\t\t<div class=\"elementor-element elementor-element-599e7ef elementor-widget elementor-widget-heading\" data-id=\"599e7ef\" data-element_type=\"widget\" data-e-type=\"widget\" data-widget_type=\"heading.default\">\n\t\t\t\t<div class=\"elementor-widget-container\">\n\t\t\t\t\t<h5 class=\"elementor-heading-title elementor-size-default\">Non condividiamo, vendiamo o diffondiamo i tuoi dati personali con terzi, salvo se richiesto dalla legge. <\/h5>\t\t\t\t<\/div>\n\t\t\t\t<\/div>\n\t\t\t\t<div class=\"elementor-element elementor-element-d77d64f elementor-widget elementor-widget-heading\" data-id=\"d77d64f\" data-element_type=\"widget\" data-e-type=\"widget\" data-widget_type=\"heading.default\">\n\t\t\t\t<div class=\"elementor-widget-container\">\n\t\t\t\t\t<h4 class=\"elementor-heading-title elementor-size-default\">5. Sicurezza dei dati <\/h4>\t\t\t\t<\/div>\n\t\t\t\t<\/div>\n\t\t\t\t<div class=\"elementor-element elementor-element-73a65d1 elementor-widget elementor-widget-heading\" data-id=\"73a65d1\" data-element_type=\"widget\" data-e-type=\"widget\" data-widget_type=\"heading.default\">\n\t\t\t\t<div class=\"elementor-widget-container\">\n\t\t\t\t\t<h5 class=\"elementor-heading-title elementor-size-default\">Anche se non trattiamo dati sensibili attraverso questo sito, ci impegniamo a mantenere riservate e sicure le comunicazioni ricevute. <\/h5>\t\t\t\t<\/div>\n\t\t\t\t<\/div>\n\t\t\t\t<div class=\"elementor-element elementor-element-bb1c107 elementor-widget elementor-widget-heading\" data-id=\"bb1c107\" data-element_type=\"widget\" data-e-type=\"widget\" data-widget_type=\"heading.default\">\n\t\t\t\t<div class=\"elementor-widget-container\">\n\t\t\t\t\t<h4 class=\"elementor-heading-title elementor-size-default\">6. Link ad altri siti <\/h4>\t\t\t\t<\/div>\n\t\t\t\t<\/div>\n\t\t\t\t<div class=\"elementor-element elementor-element-87bb3d3 elementor-widget elementor-widget-heading\" data-id=\"87bb3d3\" data-element_type=\"widget\" data-e-type=\"widget\" data-widget_type=\"heading.default\">\n\t\t\t\t<div class=\"elementor-widget-container\">\n\t\t\t\t\t<h5 class=\"elementor-heading-title elementor-size-default\">Il nostro sito pu\u00f2 contenere link a siti esterni o social media. Non siamo responsabili per le pratiche di privacy di tali siti. Ti invitiamo a leggere le loro informative. <\/h5>\t\t\t\t<\/div>\n\t\t\t\t<\/div>\n\t\t\t\t<div class=\"elementor-element elementor-element-a488b63 elementor-widget elementor-widget-heading\" data-id=\"a488b63\" data-element_type=\"widget\" data-e-type=\"widget\" data-widget_type=\"heading.default\">\n\t\t\t\t<div class=\"elementor-widget-container\">\n\t\t\t\t\t<h4 class=\"elementor-heading-title elementor-size-default\">7. I tuoi diritti <\/h4>\t\t\t\t<\/div>\n\t\t\t\t<\/div>\n\t\t\t\t<div class=\"elementor-element elementor-element-4a9f3bf elementor-widget elementor-widget-heading\" data-id=\"4a9f3bf\" data-element_type=\"widget\" data-e-type=\"widget\" data-widget_type=\"heading.default\">\n\t\t\t\t<div class=\"elementor-widget-container\">\n\t\t\t\t\t<h5 class=\"elementor-heading-title elementor-size-default\">Se ci hai contattato e hai fornito dati personali, hai il diritto di: <br>\n- Accedere alle informazioni che conserviamo su di te <br>\n- Richiederne la correzione o la cancellazione <br>\nPuoi farlo scrivendoci a info@ujitepelene.com.<\/h5>\t\t\t\t<\/div>\n\t\t\t\t<\/div>\n\t\t\t\t<div class=\"elementor-element elementor-element-74cb125 elementor-widget elementor-widget-heading\" data-id=\"74cb125\" data-element_type=\"widget\" data-e-type=\"widget\" data-widget_type=\"heading.default\">\n\t\t\t\t<div class=\"elementor-widget-container\">\n\t\t\t\t\t<h4 class=\"elementor-heading-title elementor-size-default\">8. Modifiche all'informativa <\/h4>\t\t\t\t<\/div>\n\t\t\t\t<\/div>\n\t\t\t\t<div class=\"elementor-element elementor-element-3a39d41 elementor-widget elementor-widget-heading\" data-id=\"3a39d41\" data-element_type=\"widget\" data-e-type=\"widget\" data-widget_type=\"heading.default\">\n\t\t\t\t<div class=\"elementor-widget-container\">\n\t\t\t\t\t<h5 class=\"elementor-heading-title elementor-size-default\">Potremmo aggiornare questa informativa in futuro. Qualsiasi modifica sar\u00e0 pubblicata su questa pagina con una nuova data di entrata in vigore. <\/h5>\t\t\t\t<\/div>\n\t\t\t\t<\/div>\n\t\t\t\t<div class=\"elementor-element elementor-element-d148994 elementor-widget elementor-widget-heading\" data-id=\"d148994\" data-element_type=\"widget\" data-e-type=\"widget\" data-widget_type=\"heading.default\">\n\t\t\t\t<div class=\"elementor-widget-container\">\n\t\t\t\t\t<h4 class=\"elementor-heading-title elementor-size-default\">9. Contatti <\/h4>\t\t\t\t<\/div>\n\t\t\t\t<\/div>\n\t\t\t\t<div class=\"elementor-element elementor-element-2ab818e elementor-widget elementor-widget-heading\" data-id=\"2ab818e\" data-element_type=\"widget\" data-e-type=\"widget\" data-widget_type=\"heading.default\">\n\t\t\t\t<div class=\"elementor-widget-container\">\n\t\t\t\t\t<h5 class=\"elementor-heading-title elementor-size-default\">Per qualsiasi domanda su questa informativa o sul trattamento dei tuoi dati personali, contattaci a:\nEmail: info@ujitepelene.com<\/h5>\t\t\t\t<\/div>\n\t\t\t\t<\/div>\n\t\t\t\t<\/div>\n\t\t\t\t<\/div>\n\t\t\t\t<\/div>","protected":false},"excerpt":{"rendered":"<p>Politika e Privat\u00ebsis\u00eb Data e hyrjes n\u00eb fuqi: 24.06.2025 Te ujitepelene.com, ne i kushtojm\u00eb r\u00ebnd\u00ebsi t\u00eb ve\u00e7ant\u00eb privat\u00ebsis\u00eb s\u00eb vizitor\u00ebve tan\u00eb. Kjo Politik\u00eb e Privat\u00ebsis\u00eb shpjegon si i trajtojm\u00eb informacionet personale q\u00eb mund t\u00eb na d\u00ebrgoni kur vizitoni faqen ose na kontaktoni n\u00eb m\u00ebnyr\u00eb direkte. 1. \u00c7far\u00eb t\u00eb dh\u00ebnash mbledhim Ne nuk mbledhim automatikisht t\u00eb [&hellip;]<\/p>\n","protected":false},"author":1,"featured_media":0,"parent":0,"menu_order":0,"comment_status":"closed","ping_status":"closed","template":"","meta":{"_acf_changed":false,"inline_featured_image":false,"footnotes":""},"class_list":["post-3703","page","type-page","status-publish","hentry"],"acf":[],"_links":{"self":[{"href":"https:\/\/ujitepelene.com\/it\/wp-json\/wp\/v2\/pages\/3703","targetHints":{"allow":["GET"]}}],"collection":[{"href":"https:\/\/ujitepelene.com\/it\/wp-json\/wp\/v2\/pages"}],"about":[{"href":"https:\/\/ujitepelene.com\/it\/wp-json\/wp\/v2\/types\/page"}],"author":[{"embeddable":true,"href":"https:\/\/ujitepelene.com\/it\/wp-json\/wp\/v2\/users\/1"}],"replies":[{"embeddable":true,"href":"https:\/\/ujitepelene.com\/it\/wp-json\/wp\/v2\/comments?post=3703"}],"version-history":[{"count":25,"href":"https:\/\/ujitepelene.com\/it\/wp-json\/wp\/v2\/pages\/3703\/revisions"}],"predecessor-version":[{"id":3729,"href":"https:\/\/ujitepelene.com\/it\/wp-json\/wp\/v2\/pages\/3703\/revisions\/3729"}],"wp:attachment":[{"href":"https:\/\/ujitepelene.com\/it\/wp-json\/wp\/v2\/media?parent=3703"}],"curies":[{"name":"wp","href":"https:\/\/api.w.org\/{rel}","templated":true}]}}