{"id":483,"date":"2025-04-23T13:46:06","date_gmt":"2025-04-23T13:46:06","guid":{"rendered":"http:\/\/18.159.214.213\/?page_id=483"},"modified":"2025-07-28T09:59:35","modified_gmt":"2025-07-28T09:59:35","slug":"qelq","status":"publish","type":"page","link":"https:\/\/ujitepelene.com\/it\/uji-yne\/qelq\/","title":{"rendered":"Vetro"},"content":{"rendered":"<div data-elementor-type=\"wp-page\" data-elementor-id=\"483\" class=\"elementor elementor-483\" data-elementor-post-type=\"page\">\n\t\t\t\t<div class=\"elementor-element elementor-element-964dd92 e-con-full e-flex e-con e-parent\" data-id=\"964dd92\" data-element_type=\"container\" data-e-type=\"container\">\n\t\t<div class=\"elementor-element elementor-element-9f40701 e-con-full e-flex e-con e-child\" data-id=\"9f40701\" data-element_type=\"container\" data-e-type=\"container\" data-settings=\"{&quot;background_background&quot;:&quot;classic&quot;}\">\n\t\t<div class=\"elementor-element elementor-element-b7c44b3 e-con-full e-flex e-con e-child\" data-id=\"b7c44b3\" data-element_type=\"container\" data-e-type=\"container\">\n\t\t\t\t<div class=\"elementor-element elementor-element-20b1dee elementor-widget elementor-widget-heading\" data-id=\"20b1dee\" data-element_type=\"widget\" data-e-type=\"widget\" data-widget_type=\"heading.default\">\n\t\t\t\t<div class=\"elementor-widget-container\">\n\t\t\t\t\t<h3 class=\"elementor-heading-title elementor-size-default\">Vetro<\/h3>\t\t\t\t<\/div>\n\t\t\t\t<\/div>\n\t\t\t\t<div class=\"elementor-element elementor-element-88d8172 elementor-widget elementor-widget-text-editor\" data-id=\"88d8172\" data-element_type=\"widget\" data-e-type=\"widget\" data-widget_type=\"text-editor.default\">\n\t\t\t\t<div class=\"elementor-widget-container\">\n\t\t\t\t\t\t\t\t\t<p>Per chi apprezza i dettagli raffinati, la linea in vetro porta un tocco di eleganza e raffinatezza. Queste bottiglie sono perfette per bar, ristoranti o eventi speciali.<\/p>\t\t\t\t\t\t\t\t<\/div>\n\t\t\t\t<\/div>\n\t\t\t\t<\/div>\n\t\t<div class=\"elementor-element elementor-element-e03729d e-con-full e-flex e-con e-child\" data-id=\"e03729d\" data-element_type=\"container\" data-e-type=\"container\">\n\t\t<div class=\"elementor-element elementor-element-c57e010 e-con-full e-flex e-con e-child\" data-id=\"c57e010\" data-element_type=\"container\" data-e-type=\"container\">\n\t\t\t\t<div class=\"elementor-element elementor-element-d6a320f elementor-widget elementor-widget-image\" data-id=\"d6a320f\" data-element_type=\"widget\" data-e-type=\"widget\" data-widget_type=\"image.default\">\n\t\t\t\t<div class=\"elementor-widget-container\">\n\t\t\t\t\t\t\t\t\t\t\t\t\t\t\t<img decoding=\"async\" width=\"92\" height=\"308\" src=\"https:\/\/ujitepelene.com\/wp-content\/uploads\/2025\/06\/image-5.webp\" class=\"attachment-full size-full wp-image-3096\" alt=\"\" srcset=\"https:\/\/ujitepelene.com\/wp-content\/uploads\/2025\/06\/image-5.webp 92w, https:\/\/ujitepelene.com\/wp-content\/uploads\/2025\/06\/image-5-90x300.webp 90w, https:\/\/ujitepelene.com\/wp-content\/uploads\/2025\/06\/image-5-4x12.webp 4w\" sizes=\"(max-width: 92px) 100vw, 92px\" \/>\t\t\t\t\t\t\t\t\t\t\t\t\t\t\t<\/div>\n\t\t\t\t<\/div>\n\t\t\t\t<div class=\"elementor-element elementor-element-792a686 elementor-hidden-mobile elementor-widget elementor-widget-heading\" data-id=\"792a686\" data-element_type=\"widget\" data-e-type=\"widget\" data-widget_type=\"heading.default\">\n\t\t\t\t<div class=\"elementor-widget-container\">\n\t\t\t\t\t<h5 class=\"elementor-heading-title elementor-size-default\">0.25 L<\/h5>\t\t\t\t<\/div>\n\t\t\t\t<\/div>\n\t\t\t\t<\/div>\n\t\t<div class=\"elementor-element elementor-element-1658503 e-con-full e-flex e-con e-child\" data-id=\"1658503\" data-element_type=\"container\" data-e-type=\"container\">\n\t\t\t\t<div class=\"elementor-element elementor-element-6f96155 elementor-widget elementor-widget-image\" data-id=\"6f96155\" data-element_type=\"widget\" data-e-type=\"widget\" data-widget_type=\"image.default\">\n\t\t\t\t<div class=\"elementor-widget-container\">\n\t\t\t\t\t\t\t\t\t\t\t\t\t\t\t<img decoding=\"async\" width=\"100\" height=\"355\" src=\"https:\/\/ujitepelene.com\/wp-content\/uploads\/2025\/06\/image-6.webp\" class=\"attachment-full size-full wp-image-3097\" alt=\"\" srcset=\"https:\/\/ujitepelene.com\/wp-content\/uploads\/2025\/06\/image-6.webp 100w, https:\/\/ujitepelene.com\/wp-content\/uploads\/2025\/06\/image-6-3x12.webp 3w\" sizes=\"(max-width: 100px) 100vw, 100px\" \/>\t\t\t\t\t\t\t\t\t\t\t\t\t\t\t<\/div>\n\t\t\t\t<\/div>\n\t\t\t\t<div class=\"elementor-element elementor-element-7d05bd3 elementor-hidden-mobile elementor-widget elementor-widget-heading\" data-id=\"7d05bd3\" data-element_type=\"widget\" data-e-type=\"widget\" data-widget_type=\"heading.default\">\n\t\t\t\t<div class=\"elementor-widget-container\">\n\t\t\t\t\t<h5 class=\"elementor-heading-title elementor-size-default\">0.5 L<\/h5>\t\t\t\t<\/div>\n\t\t\t\t<\/div>\n\t\t\t\t<\/div>\n\t\t<div class=\"elementor-element elementor-element-b7656aa e-con-full e-flex e-con e-child\" data-id=\"b7656aa\" data-element_type=\"container\" data-e-type=\"container\">\n\t\t\t\t<div class=\"elementor-element elementor-element-e0b228a elementor-widget elementor-widget-image\" data-id=\"e0b228a\" data-element_type=\"widget\" data-e-type=\"widget\" data-widget_type=\"image.default\">\n\t\t\t\t<div class=\"elementor-widget-container\">\n\t\t\t\t\t\t\t\t\t\t\t\t\t\t\t<img decoding=\"async\" width=\"114\" height=\"402\" src=\"https:\/\/ujitepelene.com\/wp-content\/uploads\/2025\/06\/image-7.webp\" class=\"attachment-full size-full wp-image-3098\" alt=\"\" srcset=\"https:\/\/ujitepelene.com\/wp-content\/uploads\/2025\/06\/image-7.webp 114w, https:\/\/ujitepelene.com\/wp-content\/uploads\/2025\/06\/image-7-85x300.webp 85w, https:\/\/ujitepelene.com\/wp-content\/uploads\/2025\/06\/image-7-3x12.webp 3w\" sizes=\"(max-width: 114px) 100vw, 114px\" \/>\t\t\t\t\t\t\t\t\t\t\t\t\t\t\t<\/div>\n\t\t\t\t<\/div>\n\t\t\t\t<div class=\"elementor-element elementor-element-90b788b elementor-hidden-mobile elementor-widget elementor-widget-heading\" data-id=\"90b788b\" data-element_type=\"widget\" data-e-type=\"widget\" data-widget_type=\"heading.default\">\n\t\t\t\t<div class=\"elementor-widget-container\">\n\t\t\t\t\t<h5 class=\"elementor-heading-title elementor-size-default\">0.75 L<\/h5>\t\t\t\t<\/div>\n\t\t\t\t<\/div>\n\t\t\t\t<\/div>\n\t\t<div class=\"elementor-element elementor-element-7ce2add e-con-full e-flex e-con e-child\" data-id=\"7ce2add\" data-element_type=\"container\" data-e-type=\"container\">\n\t\t\t\t<div class=\"elementor-element elementor-element-9b09d78 elementor-widget elementor-widget-image\" data-id=\"9b09d78\" data-element_type=\"widget\" data-e-type=\"widget\" data-widget_type=\"image.default\">\n\t\t\t\t<div class=\"elementor-widget-container\">\n\t\t\t\t\t\t\t\t\t\t\t\t\t\t\t<img loading=\"lazy\" decoding=\"async\" width=\"90\" height=\"302\" src=\"https:\/\/ujitepelene.com\/wp-content\/uploads\/2025\/06\/image-8.webp\" class=\"attachment-full size-full wp-image-3099\" alt=\"\" srcset=\"https:\/\/ujitepelene.com\/wp-content\/uploads\/2025\/06\/image-8.webp 90w, https:\/\/ujitepelene.com\/wp-content\/uploads\/2025\/06\/image-8-89x300.webp 89w, https:\/\/ujitepelene.com\/wp-content\/uploads\/2025\/06\/image-8-4x12.webp 4w\" sizes=\"(max-width: 90px) 100vw, 90px\" \/>\t\t\t\t\t\t\t\t\t\t\t\t\t\t\t<\/div>\n\t\t\t\t<\/div>\n\t\t\t\t<div class=\"elementor-element elementor-element-00a659c elementor-hidden-mobile elementor-widget elementor-widget-heading\" data-id=\"00a659c\" data-element_type=\"widget\" data-e-type=\"widget\" data-widget_type=\"heading.default\">\n\t\t\t\t<div class=\"elementor-widget-container\">\n\t\t\t\t\t<h5 class=\"elementor-heading-title elementor-size-default\">0.25 L<br>\nFrizzante<\/h5>\t\t\t\t<\/div>\n\t\t\t\t<\/div>\n\t\t\t\t<\/div>\n\t\t<div class=\"elementor-element elementor-element-a4db48e e-con-full e-flex e-con e-child\" data-id=\"a4db48e\" data-element_type=\"container\" data-e-type=\"container\">\n\t\t\t\t<div class=\"elementor-element elementor-element-8ae4f07 elementor-widget elementor-widget-image\" data-id=\"8ae4f07\" data-element_type=\"widget\" data-e-type=\"widget\" data-widget_type=\"image.default\">\n\t\t\t\t<div class=\"elementor-widget-container\">\n\t\t\t\t\t\t\t\t\t\t\t\t\t\t\t<img loading=\"lazy\" decoding=\"async\" width=\"99\" height=\"355\" src=\"https:\/\/ujitepelene.com\/wp-content\/uploads\/2025\/06\/image-9.webp\" class=\"attachment-full size-full wp-image-3100\" alt=\"\" srcset=\"https:\/\/ujitepelene.com\/wp-content\/uploads\/2025\/06\/image-9.webp 99w, https:\/\/ujitepelene.com\/wp-content\/uploads\/2025\/06\/image-9-84x300.webp 84w, https:\/\/ujitepelene.com\/wp-content\/uploads\/2025\/06\/image-9-3x12.webp 3w\" sizes=\"(max-width: 99px) 100vw, 99px\" \/>\t\t\t\t\t\t\t\t\t\t\t\t\t\t\t<\/div>\n\t\t\t\t<\/div>\n\t\t\t\t<div class=\"elementor-element elementor-element-72b4f5d elementor-hidden-mobile elementor-widget elementor-widget-heading\" data-id=\"72b4f5d\" data-element_type=\"widget\" data-e-type=\"widget\" data-widget_type=\"heading.default\">\n\t\t\t\t<div class=\"elementor-widget-container\">\n\t\t\t\t\t<h5 class=\"elementor-heading-title elementor-size-default\">0.5 L<br>\nFrizzante<\/h5>\t\t\t\t<\/div>\n\t\t\t\t<\/div>\n\t\t\t\t<\/div>\n\t\t<div class=\"elementor-element elementor-element-b015d06 e-con-full e-flex e-con e-child\" data-id=\"b015d06\" data-element_type=\"container\" data-e-type=\"container\">\n\t\t\t\t<div class=\"elementor-element elementor-element-71cfa46 elementor-widget elementor-widget-image\" data-id=\"71cfa46\" data-element_type=\"widget\" data-e-type=\"widget\" data-widget_type=\"image.default\">\n\t\t\t\t<div class=\"elementor-widget-container\">\n\t\t\t\t\t\t\t\t\t\t\t\t\t\t\t<img loading=\"lazy\" decoding=\"async\" width=\"113\" height=\"400\" src=\"https:\/\/ujitepelene.com\/wp-content\/uploads\/2025\/06\/image-10.webp\" class=\"attachment-full size-full wp-image-3120\" alt=\"\" srcset=\"https:\/\/ujitepelene.com\/wp-content\/uploads\/2025\/06\/image-10.webp 113w, https:\/\/ujitepelene.com\/wp-content\/uploads\/2025\/06\/image-10-85x300.webp 85w, https:\/\/ujitepelene.com\/wp-content\/uploads\/2025\/06\/image-10-3x12.webp 3w\" sizes=\"(max-width: 113px) 100vw, 113px\" \/>\t\t\t\t\t\t\t\t\t\t\t\t\t\t\t<\/div>\n\t\t\t\t<\/div>\n\t\t\t\t<div class=\"elementor-element elementor-element-f5765e6 elementor-hidden-mobile elementor-widget elementor-widget-heading\" data-id=\"f5765e6\" data-element_type=\"widget\" data-e-type=\"widget\" data-widget_type=\"heading.default\">\n\t\t\t\t<div class=\"elementor-widget-container\">\n\t\t\t\t\t<h5 class=\"elementor-heading-title elementor-size-default\">0.75 L<br>\nFrizzante<\/h5>\t\t\t\t<\/div>\n\t\t\t\t<\/div>\n\t\t\t\t<\/div>\n\t\t\t\t<\/div>\n\t\t\t\t<\/div>\n\t\t\t\t<\/div>\n\t\t\t\t<\/div>","protected":false},"excerpt":{"rendered":"<p>Qelq P\u00ebr ata q\u00eb vler\u00ebsojn\u00eb detajet e im\u00ebta, linja e qelqit sjell nj\u00eb prekje elegance dhe rafinimi. K\u00ebto shishe jan\u00eb t\u00eb p\u00ebrkryera p\u00ebr baret, restorantet apo eventet speciale. 0.25 L 0.5 L 0.75 L 0.25 L me gaz 0.5 L me gaz 0.75 L me gaz<\/p>","protected":false},"author":1,"featured_media":0,"parent":29,"menu_order":0,"comment_status":"closed","ping_status":"closed","template":"","meta":{"_acf_changed":false,"inline_featured_image":false,"footnotes":""},"class_list":["post-483","page","type-page","status-publish","hentry"],"acf":[],"_links":{"self":[{"href":"https:\/\/ujitepelene.com\/it\/wp-json\/wp\/v2\/pages\/483","targetHints":{"allow":["GET"]}}],"collection":[{"href":"https:\/\/ujitepelene.com\/it\/wp-json\/wp\/v2\/pages"}],"about":[{"href":"https:\/\/ujitepelene.com\/it\/wp-json\/wp\/v2\/types\/page"}],"author":[{"embeddable":true,"href":"https:\/\/ujitepelene.com\/it\/wp-json\/wp\/v2\/users\/1"}],"replies":[{"embeddable":true,"href":"https:\/\/ujitepelene.com\/it\/wp-json\/wp\/v2\/comments?post=483"}],"version-history":[{"count":40,"href":"https:\/\/ujitepelene.com\/it\/wp-json\/wp\/v2\/pages\/483\/revisions"}],"predecessor-version":[{"id":3740,"href":"https:\/\/ujitepelene.com\/it\/wp-json\/wp\/v2\/pages\/483\/revisions\/3740"}],"up":[{"embeddable":true,"href":"https:\/\/ujitepelene.com\/it\/wp-json\/wp\/v2\/pages\/29"}],"wp:attachment":[{"href":"https:\/\/ujitepelene.com\/it\/wp-json\/wp\/v2\/media?parent=483"}],"curies":[{"name":"wp","href":"https:\/\/api.w.org\/{rel}","templated":true}]}}